{"id":10989,"date":"2022-05-02T18:07:50","date_gmt":"2022-05-02T18:07:50","guid":{"rendered":"https:\/\/www.anbanjia.com.cn\/product\/elektromobilitaet-fuer-erwachsene-mit-vier-raedern-batteriebetriebener-roller-fuer-alte-menschen\/"},"modified":"2022-05-02T18:07:50","modified_gmt":"2022-05-02T18:07:50","slug":"erwachsene-allrad-elektromotor-mobilitat-power-batteriebetriebener-scooter-fur-alte-menschen-2","status":"publish","type":"product","link":"https:\/\/anbanjia.com.cn\/de\/produkt\/erwachsene-allrad-elektromotor-mobilitat-power-batteriebetriebener-scooter-fur-alte-menschen-2\/","title":{"rendered":"Elektromobilit\u00e4t f\u00fcr Erwachsene mit vier R\u00e4dern, batteriebetriebener Roller f\u00fcr alte Menschen"},"content":{"rendered":"<div style=\"max-width: 750px;margin: 0 auto;\">\n<div data-magic-global=\"%7B%22bizId%22%3A3215165050%2C%22pageId%22%3A20121510351%2C%22siteId%22%3A5005610021%7D\" id=\"detail_decorate_root\">\n<div class=\"J_module\" module-id=\"23790498122\" module-title=\"detailTextContent\" render=\"true\">\n<div class=\"detail-decorate-json-renderer-container\">\n<div class=\"magic-1\">\n<div class=\"magic-2\">\n<div class=\"magic-3\">\n<div class=\"magic-4\">\n<div class=\"magic-5\"><b><font class=\"magic-6\"><br \/><\/font><\/b><\/div>\n<div class=\"magic-5\"><b><font class=\"magic-6\">Elektromobilit\u00e4t f\u00fcr Erwachsene mit vier R\u00e4dern, batteriebetriebener Roller f\u00fcr alte Menschen<\/font><\/b><\/div>\n<\/div>\n<\/div>\n<\/div>\n<\/div>\n<\/div>\n<\/div>\n<div class=\"J_module\" module-id=\"24252956567\" module-title=\"detailTableTitleHightLight\" render=\"true\">\n<div class=\"ife-detail-decorate-table\">\n<table class=\"has-title hight-light-first-column all magic-7\">\n<tbody>\n<tr>\n<td colspan=\"1\" rowspan=\"1\">\n<div class=\"magic-8\">\n<div class=\"magic-5\">Farbe<\/div>\n<\/div>\n<\/td>\n<td colspan=\"1\" rowspan=\"1\">\n<div class=\"magic-9\">\n<div class=\"magic-5\">Schwarz<\/div>\n<\/div>\n<\/td>\n<td colspan=\"1\" rowspan=\"1\">\n<div class=\"magic-8\">\n<div class=\"magic-5\">Vorderradgr\u00f6\u00dfe<\/div>\n<\/div>\n<\/td>\n<td colspan=\"1\" rowspan=\"1\">\n<div class=\"magic-10\">\n<div class=\"magic-5\">10 Zoll<\/div>\n<\/div>\n<\/td>\n<\/tr>\n<tr>\n<td colspan=\"1\" rowspan=\"1\">\n<div class=\"magic-8\">\n<div class=\"magic-5\">Batterie<\/div>\n<\/div>\n<\/td>\n<td colspan=\"1\" rowspan=\"1\">\n<div class=\"magic-9\">\n<div class=\"magic-5\">36V 10Ah<\/div>\n<\/div>\n<\/td>\n<td colspan=\"1\" rowspan=\"1\">\n<div class=\"magic-8\">\n<div class=\"magic-5\">H\u00f6chstgeschwindigkeit<\/div>\n<\/div>\n<\/td>\n<td colspan=\"1\" rowspan=\"1\">\n<div class=\"magic-10\">\n<div class=\"magic-5\">15 km\/h<\/div>\n<\/div>\n<\/td>\n<\/tr>\n<tr>\n<td colspan=\"1\" rowspan=\"1\">\n<div class=\"magic-8\">\n<div class=\"magic-5\">Motorleistung<\/div>\n<\/div>\n<\/td>\n<td colspan=\"1\" rowspan=\"1\">\n<div class=\"magic-9\">\n<div class=\"magic-5\">300W<\/div>\n<\/div>\n<\/td>\n<td colspan=\"1\" rowspan=\"1\">\n<div class=\"magic-8\">\n<div class=\"magic-5\">Tragf\u00e4higkeit<\/div>\n<\/div>\n<\/td>\n<td colspan=\"1\" rowspan=\"1\">\n<div class=\"magic-10\">\n<div class=\"magic-5\">120kg<\/div>\n<\/div>\n<\/td>\n<\/tr>\n<tr>\n<td colspan=\"1\" rowspan=\"1\">\n<div class=\"magic-8\">\n<div class=\"magic-5\">Fahrmodus<\/div>\n<\/div>\n<\/td>\n<td colspan=\"1\" rowspan=\"1\">\n<div class=\"magic-9\">\n<div class=\"magic-5\">Heckantrieb<\/div>\n<\/div>\n<\/td>\n<td colspan=\"1\" rowspan=\"1\">\n<div class=\"magic-8\">\n<div class=\"magic-5\">Drehmoment<\/div>\n<\/div>\n<\/td>\n<td colspan=\"1\" rowspan=\"1\">\n<div class=\"magic-10\">\n<div class=\"magic-5\">17N<\/div>\n<\/div>\n<\/td>\n<\/tr>\n<\/tbody>\n<\/table>\n<\/div>\n<\/div>\n<div class=\"J_module\" module-id=\"24210656007\" module-title=\"detailVideoShow\" render=\"true\">\n<div class=\"icbu-pc-detailVideoShow magic-11\" data-magic=\"{\"mds\":{\"assetsVersion\":\"0.0.6\",\"assetsPackageName\":\"icbumod\",\"moduleNameAlias\":\"icbu-pc-detailVideoShow\",\"moduleData\":{\"videoInfo\":{\"coverUrl\":\"https:\/\/img.alicdn.com\/imgextra\/i2\/6000000006064\/O1CN01UbYOzF1ufMHmT2U7y_!!6000000006064-0-tbvideo.jpg\",\"duration\":164,\"fileSize\":\"22307419\",\"videoName\":\"vpTZOjiiWl3mAxblYPF__hd.mp4\",\"videoId\":230550460143},\"hideBottom\":false}},\"version\":1}\"><\/div>\n<\/div>\n<div class=\"J_module\" module-id=\"23790498123\" module-title=\"detailManyImage\" render=\"true\">\n<div class=\"icbu-pc-detailManyImage magic-12\">\n<div class=\"magic-13\"><img decoding=\"async\" class=\"magic-14\" data-src=\"\" src=\"https:\/\/anbanjia.com.cn\/wp-content\/uploads\/2022\/05\/H4ebe78c9c494479f927627954d23e64av.jpg\" style=\"max-width: 750;\"><\/div>\n<div class=\"magic-13\"><img decoding=\"async\" class=\"magic-14\" data-src=\"\" src=\"https:\/\/anbanjia.com.cn\/wp-content\/uploads\/2022\/05\/H0b7347e1fb3e491a850a21b8c13cb577j.jpg\"><\/div>\n<div class=\"magic-13\"><img decoding=\"async\" class=\"magic-14\" data-src=\"\" src=\"https:\/\/anbanjia.com.cn\/wp-content\/uploads\/2022\/05\/H4402f487a64e4c5a8ccfead4d91c1eafH.jpg\"><\/div>\n<div class=\"magic-13\"><img decoding=\"async\" class=\"magic-14\" data-src=\"\" src=\"https:\/\/anbanjia.com.cn\/wp-content\/uploads\/2022\/05\/H73b799dc338646b2b76966fcf979886fW.jpg\"><\/div>\n<div class=\"magic-13\"><img decoding=\"async\" class=\"magic-14\" data-src=\"\" src=\"https:\/\/anbanjia.com.cn\/wp-content\/uploads\/2022\/05\/H9545f6e35ba04d2eb1b353ff42194e47u.jpg\"><\/div>\n<div class=\"magic-13\"><img decoding=\"async\" class=\"magic-14\" data-src=\"\" src=\"https:\/\/anbanjia.com.cn\/wp-content\/uploads\/2022\/05\/Ha80380ea67624fd2acf401dd3bf1e9de8.jpg\"><\/div>\n<div class=\"magic-13\"><img decoding=\"async\" class=\"magic-14\" data-src=\"\" src=\"https:\/\/anbanjia.com.cn\/wp-content\/uploads\/2022\/05\/H65962440ca4342a98d9b233daa608ca1x.png\"><\/div>\n<div class=\"magic-13\"><img decoding=\"async\" class=\"magic-14\" data-src=\"\" src=\"https:\/\/anbanjia.com.cn\/wp-content\/uploads\/2022\/05\/H32b0639fe3c64a0ea0f8841ceefc8445Q.jpg\"><\/div>\n<div class=\"magic-13\"><img decoding=\"async\" class=\"magic-14\" data-src=\"\" src=\"https:\/\/anbanjia.com.cn\/wp-content\/uploads\/2022\/05\/H867f506a52174c848af2a9a8aa2b7116s.jpg\"><\/div>\n<div class=\"magic-13\"><img decoding=\"async\" class=\"magic-14\" data-src=\"\" src=\"https:\/\/anbanjia.com.cn\/wp-content\/uploads\/2022\/05\/H987d1ef076804ed28f71cae677016a11L.jpg\"><\/div>\n<\/div>\n<\/div><\/div>\n<\/div>\n","protected":false},"excerpt":{"rendered":"<div style=\"width:auto\">\n<div style=\"min-width: 300px;max-width: 300px;word-wrap: break-word;float: left\">Herkunftsort: Guangdong, China <\/div>\n<div style=\"min-width: 300px;max-width: 300px;word-wrap: break-word;float: left\">Markenname: OEM<\/div>\n<\/p><\/div>\n<div style=\"width:auto\">\n<div style=\"min-width: 300px;max-width: 300px;word-wrap: break-word;float: left\">Modellnummer: ABJ-01 <\/div>\n<div style=\"min-width: 300px;max-width: 300px;word-wrap: break-word;float: left\">Leistung: 201-500 W<\/div>\n<\/p><\/div>\n<div style=\"width:auto\">\n<div style=\"min-width: 300px;max-width: 300px;word-wrap: break-word;float: left\">Spannung: 36 V <\/div>\n<div style=\"min-width: 300px;max-width: 300px;word-wrap: break-word;float: left\">Ladezeit:6-8h<\/div>\n<\/p><\/div>\n<div style=\"width:auto\">\n<div style=\"min-width: 300px;max-width: 300px;word-wrap: break-word;float: left\">Faltbar: Ja <\/div>\n<div style=\"min-width: 300px;max-width: 300px;word-wrap: break-word;float: left\">Reichweite pro Ladung: 40\u201360 km<\/div>\n<\/p><\/div>\n<div style=\"width:auto\">\n<div style=\"min-width: 300px;max-width: 300px;word-wrap: break-word;float: left\">H\u00f6chstgeschwindigkeit: &lt;30 km\/h <\/div>\n<div style=\"min-width: 300px;max-width: 300px;word-wrap: break-word;float: left\">Smart-Typ:Elektronisch<\/div>\n<\/p><\/div>\n<div style=\"width:auto\">\n<div style=\"min-width: 300px;max-width: 300px;word-wrap: break-word;float: left\">Farbe schwarz <\/div>\n<div style=\"min-width: 300px;max-width: 300px;word-wrap: break-word;float: left\">Batterie: 36 V 10 Ah<\/div>\n<\/p><\/div>\n<div style=\"width:auto\">\n<div style=\"min-width: 300px;max-width: 300px;word-wrap: break-word;float: left\">Motorleistung: 300 W <\/div>\n<div style=\"min-width: 300px;max-width: 300px;word-wrap: break-word;float: left\">Fahrmodus: Heckantrieb<\/div>\n<\/p><\/div>\n<div style=\"width:auto\">\n<div style=\"min-width: 300px;max-width: 300px;word-wrap: break-word;float: left\">Vorderradgr\u00f6\u00dfe: 10 Zoll <\/div>\n<div style=\"min-width: 300px;max-width: 300px;word-wrap: break-word;float: left\">H\u00f6chstgeschwindigkeit: 15 km\/h<\/div>\n<\/p><\/div>\n<div style=\"width:auto\">\n<div style=\"min-width: 300px;max-width: 300px;word-wrap: break-word;float: left\">Maximale Belastung: 120 kg <\/div>\n<div style=\"min-width: 300px;max-width: 300px;word-wrap: break-word;float: left\">Nettogewicht: 19,3 kg<\/div>\n<\/p><\/div>\n<div style=\"width:auto\">\n<div style=\"min-width: 300px;max-width: 300px;word-wrap: break-word;float: left\">Drehmoment: 17N <\/div>\n<div style=\"min-width: 300px;max-width: 300px;word-wrap: break-word;float: left\">Zertifizierung:ce<\/div>\n<\/p><\/div>\n<div>Kundenspezifisches Logo (Mindestbestellmenge: 200 St\u00fcck)<\/div>\n<div>Kundenspezifische Verpackung (Mindestbestellmenge: 200 St\u00fcck)<\/div>\n","protected":false},"featured_media":9254,"comment_status":"closed","ping_status":"closed","template":"","meta":[],"product_cat":[119],"product_tag":[],"class_list":["post-10989","product","type-product","status-publish","has-post-thumbnail","hentry","product_cat-alterer-roller"],"_links":{"self":[{"href":"https:\/\/anbanjia.com.cn\/de\/wp-json\/wp\/v2\/product\/10989","targetHints":{"allow":["GET"]}}],"collection":[{"href":"https:\/\/anbanjia.com.cn\/de\/wp-json\/wp\/v2\/product"}],"about":[{"href":"https:\/\/anbanjia.com.cn\/de\/wp-json\/wp\/v2\/types\/product"}],"replies":[{"embeddable":true,"href":"https:\/\/anbanjia.com.cn\/de\/wp-json\/wp\/v2\/comments?post=10989"}],"wp:featuredmedia":[{"embeddable":true,"href":"https:\/\/anbanjia.com.cn\/de\/wp-json\/wp\/v2\/media\/9254"}],"wp:attachment":[{"href":"https:\/\/anbanjia.com.cn\/de\/wp-json\/wp\/v2\/media?parent=10989"}],"wp:term":[{"taxonomy":"product_cat","embeddable":true,"href":"https:\/\/anbanjia.com.cn\/de\/wp-json\/wp\/v2\/product_cat?post=10989"},{"taxonomy":"product_tag","embeddable":true,"href":"https:\/\/anbanjia.com.cn\/de\/wp-json\/wp\/v2\/product_tag?post=10989"}],"curies":[{"name":"wp","href":"https:\/\/api.w.org\/{rel}","templated":true}]}}