{"id":10913,"date":"2022-05-02T18:07:49","date_gmt":"2022-05-02T18:07:49","guid":{"rendered":"https:\/\/www.anbanjia.com.cn\/product\/hochwertige-leichte-klappbare-rollstuhlstuehle-fuer-kinder-mit-zerebraler-laehmung-behinderung-kinderrollstuhl-neupreis\/"},"modified":"2022-05-02T18:07:49","modified_gmt":"2022-05-02T18:07:49","slug":"hochwertige-leichte-klapprollstuhle-fur-cerebralparese-behinderte-kinder-padiatrische-rollstuhle-fabrikpreis","status":"publish","type":"product","link":"https:\/\/anbanjia.com.cn\/de\/produkt\/hochwertige-leichte-klapprollstuhle-fur-cerebralparese-behinderte-kinder-padiatrische-rollstuhle-fabrikpreis\/","title":{"rendered":"Hochwertige leichte klappbare Rollstuhlst\u00fchle f\u00fcr Kinder mit zerebraler L\u00e4hmung \/ Behinderung, Kinderrollstuhl, Neupreis"},"content":{"rendered":"<div style=\"max-width: 750px;margin: 0 auto;\">\n<div data-maya=\"{\"theme\":{\"face\":\"yin\",\"fontFace\":\"Trebuchet MS, sans-serif\",\"fontSize\":24,\"colors\":2},\"items\":[{\"title\":\"hwz41\",\"formats\":[[[{\"6w0nj\":\"H\"},{\"6vucz\":\"P\"}]],[{\"br40m\":\"Ia\"}]]},{\"title\":\"rg84e\",\"formats\":[[{\"8q4o3\":\"Ia\"}],[{\"xtfy2\":\"Ia\"}],[{\"ntssu\":\"Ia\"}],[{\"gsxzm\":\"Ia\"}],[{\"rqrck\":\"Ia\"}],[{\"rjx58\":\"Ia\"}],[{\"8au3g\":\"Ia\"}],[{\"llb6w\":\"Ia\"}],[{\"3u7xe\":\"Ia\"}]]},{\"title\":\"5rr0e\",\"formats\":[[[{\"iw5vp\":\"H\"},{\"54kdm\":\"P\"}],{\"df998\":\"Il\"}]]},{\"title\":\"hp98c\",\"formats\":[[{\"ybnk0\":\"Ia\"}]]},{\"title\":\"5n3eq\",\"formats\":[[{\"ro8mj\":\"Ia\"}],[{\"mkwqn\":\"P\"}],[[{\"fwavl\":\"H\"},{\"tb74f\":\"P\"}]]]}]}\">\n<div>\n<div style=\"vertical-align: top;padding-top: 15px; padding-bottom: 15px;\">\n<div id=\"hwz41\" style=\"vertical-align: top;padding-top: 10px; padding-bottom: 10px\">\n<div data-section=\"AliMaya-h5x23\" data-section-title=\"Product Description\" id=\"ali-anchor-AliMaya-h5x23\" style=\"padding:8px 0 4px 8px;border-bottom:2px solid #D2F2DD;border-radius:3px 3px 0 0;line-height:1;color:#179A43;background-color:#D2F2DD;font-size:24px;font-family:Trebuchet MS, sans-serif\">Produktbeschreibung<\/div>\n<\/div>\n<div style=\"vertical-align: top;padding-top: 10px; padding-bottom: 10px; margin-right: -4px; margin-left: -4px;\">\n<div style=\"vertical-align: top; box-sizing: border-box; padding-right: 4px; padding-left: 4px;margin-top: -4px; margin-bottom: -4px;\">\n<div id=\"6w0nj\" style=\"vertical-align: top; box-sizing: border-box; padding-top: 4px; padding-bottom: 4px\">\n<h3 style=\"padding:0;font-size:16px;line-height:20px;font-weight:bold;color:#333;margin:0;\">Leichte, zusammenklappbare Rollst\u00fchle f\u00fcr Kinder mit Zerebralparese\/Behinderung<\/h3>\n<\/div>\n<div id=\"6vucz\" style=\"vertical-align: top; box-sizing: border-box; padding-top: 4px; padding-bottom: 4px\">\n<p style=\"margin:0;padding:0;\">Design f\u00fcr Kinder mit Zerebralparese<\/p>\n<p style=\"margin:0;padding:0;\">Rahmen aus pulverbeschichtetem Aluminium<\/p>\n<p style=\"margin:0;padding:0;\">Abnehmbare Polsterung aus atmungsaktivem Material; mit Separator, Rumpfst\u00fctze, H\u00fcftgelenkst\u00fctze<\/p>\n<p style=\"margin:0;padding:0;\">Abnehmbare und verstellbare Kopfst\u00fctze<\/p>\n<p style=\"margin:0;padding:0;\">Mit Butterfly-Brustgurt<\/p>\n<p style=\"margin:0;padding:0;\">R\u00fcsten Sie sich zusammen mit dem Tilt-in-Space- und Recline-System aus; Neigung im Raum bis zu 45 Grad; zur\u00fccklehnen von 90 grad bis 160 grad<\/p>\n<p style=\"margin:0;padding:0;\">H\u00f6henverstellbare und abnehmbare Beinst\u00fctze<\/p>\n<p style=\"margin:0;padding:0;\">6&#8243; solide Rollen<\/p>\n<p style=\"margin:0;padding:0;\">MAG, 16&#8243; graues PU-Hinterrad<\/p>\n<p style=\"margin:0;padding:0;\">Mit Kippschutz<\/p>\n<p style=\"margin:0;padding:0;\">Mit Begleitbremse<\/p>\n<\/div>\n<\/div>\n<\/div>\n<div style=\"vertical-align: top;padding-top: 10px; padding-bottom: 10px; margin-right: -4px; margin-left: -4px;\">\n<div id=\"br40m\" style=\"vertical-align: top; box-sizing: border-box; padding-right: 4px; padding-left: 4px\">\n<div style=\"overflow: hidden; width: 750px; height: 662px;\"><img decoding=\"async\" data-src=\"\" src=\"https:\/\/anbanjia.com.cn\/wp-content\/uploads\/2022\/05\/HTB16z4JRFXXXXb7XVXX760XFXXXV.png\" style=\"max-width: 750;\"><\/div>\n<\/div>\n<\/div>\n<\/div>\n<div style=\"vertical-align: top;padding-top: 15px; padding-bottom: 15px;\">\n<div id=\"rg84e\" style=\"vertical-align: top;padding-top: 10px; padding-bottom: 10px\">\n<div data-section=\"AliMaya-65p9b\" data-section-title=\"Detailed Images\" id=\"ali-anchor-AliMaya-65p9b\" style=\"padding:8px 0 4px 8px;border-bottom:2px solid #D2F2DD;border-radius:3px 3px 0 0;line-height:1;color:#179A43;background-color:#D2F2DD;font-size:24px;font-family:Trebuchet MS, sans-serif\">Detaillierte Bilder<\/div>\n<\/div>\n<div style=\"vertical-align: top;padding-top: 10px; padding-bottom: 10px; margin-right: -4px; margin-left: -4px;\">\n<div id=\"8q4o3\" style=\"vertical-align: top; box-sizing: border-box; padding-right: 4px; padding-left: 4px\">\n<div style=\"overflow: hidden; width: 750px; height: 559px;\"><img decoding=\"async\" data-src=\"\" src=\"https:\/\/anbanjia.com.cn\/wp-content\/uploads\/2022\/05\/HTB1xaRCRFXXXXc9aXXX760XFXXXQ.png\" style=\"width: 750px; height: 559px; margin-left: 0px; margin-top: 0px;\"><\/div>\n<\/div>\n<\/div>\n<div style=\"vertical-align: top;padding-top: 10px; padding-bottom: 10px; margin-right: -4px; margin-left: -4px;\">\n<div id=\"xtfy2\" style=\"vertical-align: top; box-sizing: border-box; padding-right: 4px; padding-left: 4px\">\n<div style=\"overflow: hidden; width: 750px; height: 417px;\"><img decoding=\"async\" data-src=\"\" src=\"https:\/\/anbanjia.com.cn\/wp-content\/uploads\/2022\/05\/HTB1C0dpRFXXXXX2aFXX760XFXXXK.png\" style=\"width: 750px; height: 417px; margin-left: 0px; margin-top: 0px;\"><\/div>\n<\/div>\n<\/div>\n<div style=\"vertical-align: top;padding-top: 10px; padding-bottom: 10px; margin-right: -4px; margin-left: -4px;\">\n<div id=\"ntssu\" style=\"vertical-align: top; box-sizing: border-box; padding-right: 4px; padding-left: 4px\">\n<div style=\"overflow: hidden; width: 750px; height: 412px;\"><img decoding=\"async\" data-src=\"\" src=\"https:\/\/anbanjia.com.cn\/wp-content\/uploads\/2022\/05\/HTB1UtVKRFXXXXXYaXXX760XFXXXj.png\" style=\"width: 750px; height: 412px; margin-left: 0px; margin-top: 0px;\"><\/div>\n<\/div>\n<\/div>\n<div style=\"vertical-align: top;padding-top: 10px; padding-bottom: 10px; margin-right: -4px; margin-left: -4px;\">\n<div id=\"gsxzm\" style=\"vertical-align: top; box-sizing: border-box; padding-right: 4px; padding-left: 4px\">\n<div style=\"overflow: hidden; width: 750px; height: 421px;\"><img decoding=\"async\" data-src=\"\" src=\"https:\/\/anbanjia.com.cn\/wp-content\/uploads\/2022\/05\/HTB1zStsRFXXXXXJaFXX760XFXXX1.png\" style=\"width: 750px; height: 421px; margin-left: 0px; margin-top: 0px;\"><\/div>\n<\/div>\n<\/div>\n<div style=\"vertical-align: top;padding-top: 10px; padding-bottom: 10px; margin-right: -4px; margin-left: -4px;\">\n<div id=\"rqrck\" style=\"vertical-align: top; box-sizing: border-box; padding-right: 4px; padding-left: 4px\">\n<div style=\"overflow: hidden; width: 750px; height: 415px;\"><img decoding=\"async\" data-src=\"\" src=\"https:\/\/anbanjia.com.cn\/wp-content\/uploads\/2022\/05\/HTB1JfX1RFXXXXXUXFXX760XFXXXP.png\" style=\"width: 750px; height: 415px; margin-left: 0px; margin-top: 0px;\"><\/div>\n<\/div>\n<\/div>\n<div style=\"vertical-align: top;padding-top: 10px; padding-bottom: 10px; margin-right: -4px; margin-left: -4px;\">\n<div id=\"rjx58\" style=\"vertical-align: top; box-sizing: border-box; padding-right: 4px; padding-left: 4px\">\n<div style=\"overflow: hidden; width: 750px; height: 416px;\"><img decoding=\"async\" data-src=\"\" src=\"https:\/\/anbanjia.com.cn\/wp-content\/uploads\/2022\/05\/HTB1IzFFRFXXXXaZaXXX760XFXXXQ.png\" style=\"width: 750px; height: 416px; margin-left: 0px; margin-top: 0px;\"><\/div>\n<\/div>\n<\/div>\n<div style=\"vertical-align: top;padding-top: 10px; padding-bottom: 10px; margin-right: -4px; margin-left: -4px;\">\n<div id=\"8au3g\" style=\"vertical-align: top; box-sizing: border-box; padding-right: 4px; padding-left: 4px\">\n<div style=\"overflow: hidden; width: 750px; height: 413px;\"><img decoding=\"async\" data-src=\"\" src=\"https:\/\/anbanjia.com.cn\/wp-content\/uploads\/2022\/05\/HTB1GAdNRFXXXXbsXVXX760XFXXXZ.png\" style=\"width: 750px; height: 413px; margin-left: 0px; margin-top: 0px;\"><\/div>\n<\/div>\n<\/div>\n<div style=\"vertical-align: top;padding-top: 10px; padding-bottom: 10px; margin-right: -4px; margin-left: -4px;\">\n<div id=\"llb6w\" style=\"vertical-align: top; box-sizing: border-box; padding-right: 4px; padding-left: 4px\">\n<div style=\"overflow: hidden; width: 750px; height: 416px;\"><img decoding=\"async\" data-src=\"\" src=\"https:\/\/anbanjia.com.cn\/wp-content\/uploads\/2022\/05\/HTB1hNNNRFXXXXbcXVXX760XFXXXS.png\" style=\"width: 750px; height: 416px; margin-left: 0px; margin-top: 0px;\"><\/div>\n<\/div>\n<\/div>\n<div style=\"vertical-align: top;padding-top: 10px; padding-bottom: 10px; margin-right: -4px; margin-left: -4px;\">\n<div id=\"3u7xe\" style=\"vertical-align: top; box-sizing: border-box; padding-right: 4px; padding-left: 4px\">\n<div style=\"overflow: hidden; width: 750px; height: 920px;\"><img decoding=\"async\" data-src=\"\" src=\"https:\/\/anbanjia.com.cn\/wp-content\/uploads\/2022\/05\/HTB1Ae_JQpXXXXXlapXXq6xXFXXXk.jpg\" style=\"width: 750px; height: 920px; margin-left: 0px; margin-top: 0px;\"><\/div>\n<\/div>\n<\/div>\n<\/div>\n<div style=\"vertical-align: top;padding-top: 15px; padding-bottom: 15px;\">\n<div id=\"5rr0e\" style=\"vertical-align: top;padding-top: 10px; padding-bottom: 10px\">\n<div data-section=\"AliMaya-7gj8m\" data-section-title=\"Packing &amp; Delivery\" id=\"ali-anchor-AliMaya-7gj8m\" style=\"padding:8px 0 4px 8px;border-bottom:2px solid #D2F2DD;border-radius:3px 3px 0 0;line-height:1;color:#179A43;background-color:#D2F2DD;font-size:24px;font-family:Trebuchet MS, sans-serif\">Verpackung &amp; Lieferung<\/div>\n<\/div>\n<div style=\"vertical-align: top;padding-top: 10px; padding-bottom: 10px; margin-right: -4px; margin-left: -4px;\">\n<div style=\"vertical-align: top; width: 50%; display: inline-block; box-sizing: border-box; padding-right: 4px; padding-left: 4px;margin-top: -4px; margin-bottom: -4px;\">\n<div id=\"iw5vp\" style=\"vertical-align: top; box-sizing: border-box; padding-top: 4px; padding-bottom: 4px\">\n<h3 style=\"padding:0;font-size:16px;line-height:20px;font-weight:bold;color:#333;margin:0;\"><\/h3>\n<\/div>\n<div id=\"54kdm\" style=\"vertical-align: top; box-sizing: border-box; padding-top: 4px; padding-bottom: 4px\">\n<p style=\"margin:0;padding:0;\"><font face=\"Trebuchet MS, sans-serif\" size=\"4\">Paket:<\/font><\/p>\n<p style=\"margin:0;padding:0;\"><font face=\"Trebuchet MS, sans-serif\" size=\"4\">1 St\u00fcck\/Karton, 80 x 40 x 97 cm<\/font><\/p>\n<p style=\"margin:0;padding:0;\"><font face=\"Trebuchet MS, sans-serif\" size=\"4\"><br \/><\/font><\/p>\n<p style=\"margin:0;padding:0;\"><font face=\"Trebuchet MS, sans-serif\" size=\"4\">Lieferung:<\/font><\/p>\n<p style=\"margin:0;padding:0;\"><font face=\"Trebuchet MS, sans-serif\" size=\"4\">3-20 Werktage nach Zahlungseingang<\/font><\/p>\n<\/div>\n<\/div>\n<div id=\"df998\" style=\"vertical-align: top; width: 50%; display: inline-block; box-sizing: border-box; padding-right: 4px; padding-left: 4px\">\n<div style=\"overflow: hidden; width: 371px; height: 220px;\"><img decoding=\"async\" data-src=\"\" src=\"https:\/\/anbanjia.com.cn\/wp-content\/uploads\/2022\/05\/HTB1h3vHQXXXXXXWapXXq6xXFXXXC.jpg\" style=\"width: 403.423px; height: 220px; margin-left: 0px; margin-top: 0px;\"><\/div>\n<\/div>\n<\/div>\n<\/div>\n<div style=\"vertical-align: top;padding-top: 15px; padding-bottom: 15px;\">\n<div id=\"hp98c\" style=\"vertical-align: top;padding-top: 10px; padding-bottom: 10px\">\n<div data-section=\"AliMaya-kriyz\" data-section-title=\"Certifications\" id=\"ali-anchor-AliMaya-kriyz\" style=\"padding:8px 0 4px 8px;border-bottom:2px solid #D2F2DD;border-radius:3px 3px 0 0;line-height:1;color:#179A43;background-color:#D2F2DD;font-size:24px;font-family:Trebuchet MS, sans-serif\">Zertifizierungen<\/div>\n<\/div>\n<div style=\"vertical-align: top;padding-top: 10px; padding-bottom: 10px; margin-right: -4px; margin-left: -4px;\">\n<div id=\"ybnk0\" style=\"vertical-align: top; box-sizing: border-box; padding-right: 4px; padding-left: 4px\">\n<div style=\"overflow: hidden; width: 750px; height: 562.5px;\"><img decoding=\"async\" data-src=\"\" src=\"https:\/\/anbanjia.com.cn\/wp-content\/uploads\/2022\/05\/HTB1Je9WQpXXXXafXpXXq6xXFXXX1.jpg\" style=\"width: 750px; height: 562.5px; margin-left: 0px; margin-top: 0px;\"><\/div>\n<\/div>\n<\/div>\n<\/div>\n<div style=\"vertical-align: top;padding-top: 15px; padding-bottom: 15px;\">\n<div id=\"5n3eq\" style=\"vertical-align: top;padding-top: 10px; padding-bottom: 10px\">\n<div data-section=\"AliMaya-01ex4\" data-section-title=\"About Anbanjia\" id=\"ali-anchor-AliMaya-01ex4\" style=\"padding:8px 0 4px 8px;border-bottom:2px solid #D2F2DD;border-radius:3px 3px 0 0;line-height:1;color:#179A43;background-color:#D2F2DD;font-size:24px;font-family:Trebuchet MS, sans-serif\">\u00dcber Anbanjia<\/div>\n<\/div>\n<div style=\"vertical-align: top;padding-top: 10px; padding-bottom: 10px; margin-right: -4px; margin-left: -4px;\">\n<div id=\"ro8mj\" style=\"vertical-align: top; box-sizing: border-box; padding-right: 4px; padding-left: 4px\">\n<div style=\"overflow: hidden; width: 750px; height: 499.5px;\"><img decoding=\"async\" data-src=\"\" src=\"https:\/\/anbanjia.com.cn\/wp-content\/uploads\/2022\/05\/HTB1K8kkQXXXXXb1XXXXq6xXFXXXV.jpg\" style=\"width: 750px; height: 499.5px; margin-left: 0px; margin-top: 0px;\"><\/div>\n<\/div>\n<\/div>\n<div style=\"vertical-align: top;padding-top: 10px; padding-bottom: 10px; margin-right: -4px; margin-left: -4px;\">\n<div id=\"mkwqn\" style=\"vertical-align: top; box-sizing: border-box; padding-right: 4px; padding-left: 4px\">\n<p style=\"margin:0;padding:0;\"><font color=\"#37df00\" face=\"Trebuchet MS, sans-serif\" size=\"4\">1. mehr auftrag, mehr rabatt, konkurrenzf\u00e4higer preis!<br \/>2.Willkommen, um mit uns in Verbindung zu treten, um einen besseren Preis zu erhalten!<br \/>3.Guter Service, schnelle Lieferung, und wir sind es wert, vertraut zu werden.<br \/>4.Wir k\u00f6nnen garantieren, dass Sie mit unseren Produkten zufrieden sein werden. <br \/>5. Wir behandeln Kunden wie Freunde und bieten Ihnen einen beachtlichen Service.<br \/>6. Wir sind ein Verkaufsteam mit professioneller medizinischer Versorgung und technischer Unterst\u00fctzung durch ein Ingenieurteam.<\/font><\/p>\n<\/div>\n<\/div>\n<div style=\"vertical-align: top;padding-top: 10px; padding-bottom: 10px; margin-right: -4px; margin-left: -4px;\">\n<div style=\"vertical-align: top; box-sizing: border-box; padding-right: 4px; padding-left: 4px;margin-top: -4px; margin-bottom: -4px;\">\n<div id=\"fwavl\" style=\"vertical-align: top; box-sizing: border-box; padding-top: 4px; padding-bottom: 4px\">\n<h3 style=\"padding: 0px; line-height: 20px; font-weight: bold; margin: 0px;\"><font color=\"#009f27\" face=\"Trebuchet MS, sans-serif\" size=\"6\">W\u00e4hlen Sie uns nicht nur f\u00fcr Unternehmen<\/font><\/h3>\n<\/div>\n<div id=\"tb74f\" style=\"vertical-align: top; box-sizing: border-box; padding-top: 4px; padding-bottom: 4px\">\n<p style=\"margin:0;padding:0;\"><font color=\"#00df37\" size=\"4\">Wir k\u00fcmmern uns ernsthaft um Ihre Bestellung und sch\u00e4tzen jede an uns gesendete Anfrage, um einen schnellen wettbewerbsf\u00e4higen Preis zu gew\u00e4hrleisten.<br \/>P\u00fcnktliche Lieferzeit:<br \/>&#8211; Wir geben Ihre Bestellung auf und handeln sofort, stellen Ihre p\u00fcnktliche Lieferzeit sicher <\/p>\n<p>\u00dcberpr\u00fcfen Sie vor dem Versand:<br \/>&#8211; Unsere Inspektionskollegen \u00fcberpr\u00fcfen die Qualit\u00e4t vor dem Verpacken zum Versand. Wir machen eine Versandbenachrichtigung, sobald Ihre Bestellung versandt wurde<\/p>\n<p>Kundendienst :<br \/>Wir freuen uns \u00fcber Ihre Anfrage zur Ware und respektieren Ihr Feedback nach Erhalt der Ware.<\/font><\/p>\n<\/div>\n<\/div>\n<\/div>\n<\/div>\n<\/div>\n<\/div>\n<\/div>\n","protected":false},"excerpt":{"rendered":"<div style=\"width:auto\">\n<div style=\"min-width: 300px;max-width: 300px;word-wrap: break-word;float: left\">Herkunftsort: Guangdong, China <\/div>\n<div style=\"min-width: 300px;max-width: 300px;word-wrap: break-word;float: left\">Markenname: Anbanjia<\/div>\n<\/p><\/div>\n<div style=\"width:auto\">\n<div style=\"min-width: 300px;max-width: 300px;word-wrap: break-word;float: left\">Modellnummer: ABJ-3628 <\/div>\n<div style=\"min-width: 300px;max-width: 300px;word-wrap: break-word;float: left\">Zertifikat: CE-ISO<\/div>\n<\/p><\/div>\n<div style=\"width:auto\">\n<div style=\"min-width: 300px;max-width: 300px;word-wrap: break-word;float: left\">Geflutete Breite: 39 cm <\/div>\n<div style=\"min-width: 300px;max-width: 300px;word-wrap: break-word;float: left\">Sitzbreite: 38 cm<\/div>\n<\/p><\/div>\n<div style=\"width:auto\">\n<div style=\"min-width: 300px;max-width: 300px;word-wrap: break-word;float: left\">Farbe:Blau\/Gelb <\/div>\n<div style=\"min-width: 300px;max-width: 300px;word-wrap: break-word;float: left\">Material: Aluminiumrahmen<\/div>\n<\/p><\/div>\n","protected":false},"featured_media":11005,"comment_status":"closed","ping_status":"closed","template":"","meta":[],"product_cat":[124],"product_tag":[],"class_list":["post-10913","product","type-product","status-publish","has-post-thumbnail","hentry","product_cat-rollstuhl-fur-zerebralparese"],"_links":{"self":[{"href":"https:\/\/anbanjia.com.cn\/de\/wp-json\/wp\/v2\/product\/10913","targetHints":{"allow":["GET"]}}],"collection":[{"href":"https:\/\/anbanjia.com.cn\/de\/wp-json\/wp\/v2\/product"}],"about":[{"href":"https:\/\/anbanjia.com.cn\/de\/wp-json\/wp\/v2\/types\/product"}],"replies":[{"embeddable":true,"href":"https:\/\/anbanjia.com.cn\/de\/wp-json\/wp\/v2\/comments?post=10913"}],"wp:featuredmedia":[{"embeddable":true,"href":"https:\/\/anbanjia.com.cn\/de\/wp-json\/wp\/v2\/media\/11005"}],"wp:attachment":[{"href":"https:\/\/anbanjia.com.cn\/de\/wp-json\/wp\/v2\/media?parent=10913"}],"wp:term":[{"taxonomy":"product_cat","embeddable":true,"href":"https:\/\/anbanjia.com.cn\/de\/wp-json\/wp\/v2\/product_cat?post=10913"},{"taxonomy":"product_tag","embeddable":true,"href":"https:\/\/anbanjia.com.cn\/de\/wp-json\/wp\/v2\/product_tag?post=10913"}],"curies":[{"name":"wp","href":"https:\/\/api.w.org\/{rel}","templated":true}]}}