{"id":10890,"date":"2022-05-02T18:07:49","date_gmt":"2022-05-02T18:07:49","guid":{"rendered":"https:\/\/www.anbanjia.com.cn\/product\/manueller-rollstuhl-fuer-behinderte-kinder-mit-zerebraler-laehmung-fuer-kinder-mit-zerebraler-laehmung\/"},"modified":"2022-05-02T18:07:49","modified_gmt":"2022-05-02T18:07:49","slug":"behindertes-kind-faltbarer-cerebralparese-manueller-rollstuhl-fur-kind-mit-cerebralparese","status":"publish","type":"product","link":"https:\/\/anbanjia.com.cn\/de\/produkt\/behindertes-kind-faltbarer-cerebralparese-manueller-rollstuhl-fur-kind-mit-cerebralparese\/","title":{"rendered":"Manueller Rollstuhl f\u00fcr behinderte Kinder mit zerebraler L\u00e4hmung f\u00fcr Kinder mit zerebraler L\u00e4hmung"},"content":{"rendered":"<div id=\"ali-anchor-AliPostDhMb-7v0oy\" class=\"mceSectionContainer\" data-section=\"AliPostDhMb-7v0oy\" data-section-title=\"Product Details\">\n<div>\n<p data-spm-anchor-id=\"a2700.wholesale.0.i28.4a824d2f0YvhCk\"><strong>Bitte kontaktieren Sie den Verk\u00e4ufer, um weitere Einzelheiten dar\u00fcber zu erfahren. <\/strong><\/p>\n<p><strong>Wenn Sie Fragen haben, k\u00f6nnen Sie mir diese gerne mitteilen.<\/strong><\/p>\n<p><img decoding=\"async\" src=\"https:\/\/s.alicdn.com\/@sc01\/kf\/HTB1d.muaJfvK1RjSspoq6zfNpXat\/230438700\/HTB1d.muaJfvK1RjSspoq6zfNpXat.jpg?quality=close\" alt=\"Foldable adjustable handcycle children wheelchair for cerebral palsy wheelchair.\" width=\"750\" height=\"528.7974683544304\" data-src=\"\/\/s.alicdn.com\/@sc01\/kf\/HTB1d.muaJfvK1RjSspoq6zfNpXat\/230438700\/HTB1d.muaJfvK1RjSspoq6zfNpXat.jpg?quality=close\" data-alt=\"Foldable adjustable handcycle children wheelchair for cerebral palsy wheelchair.\" data-spm-anchor-id=\"a2700.wholesale.0.i31.4a824d2f0YvhCk\"><img decoding=\"async\" src=\"https:\/\/s.alicdn.com\/@sc02\/kf\/HTB1XxaFaJzvK1RkSnfoq6zMwVXaW\/230438700\/HTB1XxaFaJzvK1RkSnfoq6zMwVXaW.jpg?quality=close\" alt=\"Foldable adjustable handcycle children wheelchair for cerebral palsy wheelchair.\" width=\"750\" height=\"787.9746835443038\" data-src=\"\/\/s.alicdn.com\/@sc02\/kf\/HTB1XxaFaJzvK1RkSnfoq6zMwVXaW\/230438700\/HTB1XxaFaJzvK1RkSnfoq6zMwVXaW.jpg?quality=close\" data-alt=\"Foldable adjustable handcycle children wheelchair for cerebral palsy wheelchair.\"><img decoding=\"async\" src=\"https:\/\/s.alicdn.com\/@sc02\/kf\/HTB1H3azaLfsK1RjSszbq6AqBXXaZ\/230438700\/HTB1H3azaLfsK1RjSszbq6AqBXXaZ.jpg?quality=close\" alt=\"Foldable adjustable handcycle children wheelchair for cerebral palsy wheelchair.\" width=\"750\" height=\"880.0632911392405\" data-src=\"\/\/s.alicdn.com\/@sc02\/kf\/HTB1H3azaLfsK1RjSszbq6AqBXXaZ\/230438700\/HTB1H3azaLfsK1RjSszbq6AqBXXaZ.jpg?quality=close\" data-alt=\"Foldable adjustable handcycle children wheelchair for cerebral palsy wheelchair.\"><img decoding=\"async\" src=\"https:\/\/s.alicdn.com\/@sc02\/kf\/HTB1whOyaIfrK1RkSmLyq6xGApXaj\/230438700\/HTB1whOyaIfrK1RkSmLyq6xGApXaj.jpg?quality=close\" alt=\"Foldable adjustable handcycle children wheelchair for cerebral palsy wheelchair.\" width=\"750\" height=\"562.0253164556963\" data-src=\"\/\/s.alicdn.com\/@sc02\/kf\/HTB1whOyaIfrK1RkSmLyq6xGApXaj\/230438700\/HTB1whOyaIfrK1RkSmLyq6xGApXaj.jpg?quality=close\" data-alt=\"Foldable adjustable handcycle children wheelchair for cerebral palsy wheelchair.\"><img decoding=\"async\" src=\"https:\/\/s.alicdn.com\/@sc02\/kf\/HTB1v5aFaIfrK1Rjy1Xdq6yemFXa0\/230438700\/HTB1v5aFaIfrK1Rjy1Xdq6yemFXa0.jpg?quality=close\" alt=\"Foldable adjustable handcycle children wheelchair for cerebral palsy wheelchair.\" width=\"750\" height=\"826.8987341772151\" data-src=\"\/\/s.alicdn.com\/@sc02\/kf\/HTB1v5aFaIfrK1Rjy1Xdq6yemFXa0\/230438700\/HTB1v5aFaIfrK1Rjy1Xdq6yemFXa0.jpg?quality=close\" data-alt=\"Foldable adjustable handcycle children wheelchair for cerebral palsy wheelchair.\"><img decoding=\"async\" src=\"https:\/\/s.alicdn.com\/@sc01\/kf\/HTB1etaBaUvrK1RjSszfq6xJNVXad\/230438700\/HTB1etaBaUvrK1RjSszfq6xJNVXad.jpg?quality=close\" alt=\"Foldable adjustable handcycle children wheelchair for cerebral palsy wheelchair.\" width=\"750\" height=\"900\" data-src=\"\/\/s.alicdn.com\/@sc01\/kf\/HTB1etaBaUvrK1RjSszfq6xJNVXad\/230438700\/HTB1etaBaUvrK1RjSszfq6xJNVXad.jpg?quality=close\" data-alt=\"Foldable adjustable handcycle children wheelchair for cerebral palsy wheelchair.\"><img decoding=\"async\" src=\"https:\/\/s.alicdn.com\/@sc01\/kf\/HTB1H1iFaPzuK1RjSsppq6xz0XXad\/230438700\/HTB1H1iFaPzuK1RjSsppq6xz0XXad.jpg?quality=close\" alt=\"Foldable adjustable handcycle children wheelchair for cerebral palsy wheelchair.\" width=\"750\" height=\"866.7721518987343\" data-src=\"\/\/s.alicdn.com\/@sc01\/kf\/HTB1H1iFaPzuK1RjSsppq6xz0XXad\/230438700\/HTB1H1iFaPzuK1RjSsppq6xz0XXad.jpg?quality=close\" data-alt=\"Foldable adjustable handcycle children wheelchair for cerebral palsy wheelchair.\"><img decoding=\"async\" src=\"https:\/\/s.alicdn.com\/@sc02\/kf\/HTB1SbKzaIfrK1RjSszcq6xGGFXa9\/230438700\/HTB1SbKzaIfrK1RjSszcq6xGGFXa9.jpg?quality=close\" alt=\"Foldable adjustable handcycle children wheelchair for cerebral palsy wheelchair.\" width=\"750\" height=\"683.5443037974683\" data-src=\"\/\/s.alicdn.com\/@sc02\/kf\/HTB1SbKzaIfrK1RjSszcq6xGGFXa9\/230438700\/HTB1SbKzaIfrK1RjSszcq6xGGFXa9.jpg?quality=close\" data-alt=\"Foldable adjustable handcycle children wheelchair for cerebral palsy wheelchair.\"><\/p>\n<\/div>\n<\/div>\n<div id=\"ali-anchor-AliPostDhMb-k9y73\" class=\"mceSectionContainer\" data-section=\"AliPostDhMb-k9y73\" data-section-title=\"contact us\">\n<div id=\"ali-title-AliPostDhMb-k9y73\">kontaktiere uns<\/div>\n<div>\n<p><a href=\"https:\/\/abj-medical.en.alibaba.com\/contactinfo.html?spm=a2700.8304367.topnav.8.5d239224wxD2sy\" target=\"_blank\" rel=\"noopener noreferrer\"><img decoding=\"async\" src=\"https:\/\/s.alicdn.com\/@sc02\/kf\/HTB1E_8LXOLxK1Rjy0Ffq6zYdVXay\/230438700\/HTB1E_8LXOLxK1Rjy0Ffq6zYdVXay.jpg?quality=close\" alt=\"Foldable adjustable handcycle children wheelchair for cerebral palsy wheelchair.\" width=\"750\" height=\"311.25\" data-src=\"\/\/s.alicdn.com\/@sc02\/kf\/HTB1E_8LXOLxK1Rjy0Ffq6zYdVXay\/230438700\/HTB1E_8LXOLxK1Rjy0Ffq6zYdVXay.jpg?quality=close\" data-alt=\"Foldable adjustable handcycle children wheelchair for cerebral palsy wheelchair.\"><\/a><\/p>\n<\/div>\n<\/div>\n","protected":false},"excerpt":{"rendered":"<p>&nbsp;<\/p>\n<div style=\"width: auto;\">\n<div style=\"min-width: 300px; max-width: 300px; word-wrap: break-word; float: left;\">Herkunftsort: China<\/div>\n<div style=\"min-width: 300px; max-width: 300px; word-wrap: break-word; float: left;\">Instrumentenklassifizierung: Klasse II<\/div>\n<\/div>\n<div style=\"width: auto;\">\n<div style=\"min-width: 300px; max-width: 300px; word-wrap: break-word; float: left;\">1 Jahr Garantie<\/div>\n<div style=\"min-width: 300px; max-width: 300px; word-wrap: break-word; float: left;\">Kundendienst: Kostenlose Ersatzteile<\/div>\n<\/div>\n<div style=\"width: auto;\">\n<div style=\"min-width: 300px; max-width: 300px; word-wrap: break-word; float: left;\">Material: Aluminiumlegierung<\/div>\n<div style=\"min-width: 300px; max-width: 300px; word-wrap: break-word; float: left;\">Farbe gr\u00fcn<\/div>\n<\/div>\n<div style=\"width: auto;\">\n<div style=\"min-width: 300px; max-width: 300px; word-wrap: break-word; float: left;\">maximale Benutzerkapazit\u00e4t: maximale Benutzerkapazit\u00e4t<\/div>\n<div style=\"min-width: 300px; max-width: 300px; word-wrap: break-word; float: left;\">Nettogewicht: 13 kg<\/div>\n<\/div>\n<div style=\"width: auto;\">\n<div style=\"min-width: 300px; max-width: 300px; word-wrap: break-word; float: left;\">Bruttogewicht: 15,5 kg<\/div>\n<div style=\"min-width: 300px; max-width: 300px; word-wrap: break-word; float: left;\">Gesamtl\u00e4nge: 75 cm<\/div>\n<\/div>\n<div style=\"width: auto;\">\n<div style=\"min-width: 300px; max-width: 300px; word-wrap: break-word; float: left;\">Gesamth\u00f6he: 94 cm<\/div>\n<div style=\"min-width: 300px; max-width: 300px; word-wrap: break-word; float: left;\">Gesamtbreite: 48 cm<\/div>\n<\/div>\n<div style=\"width: auto;\">\n<div style=\"min-width: 300px; max-width: 300px; word-wrap: break-word; float: left;\">R\u00fcckenh\u00f6he: 44 cm<\/div>\n<div style=\"min-width: 300px; max-width: 300px; word-wrap: break-word; float: left;\">Sitzh\u00f6he: 45 cm<\/div>\n<\/div>\n<div>Kundenspezifisches Logo (Mindestbestellmenge: 100 St\u00fcck)<\/div>\n<div>Kundenspezifische Verpackung (Mindestbestellmenge: 100 St\u00fcck)<\/div>\n","protected":false},"featured_media":10902,"comment_status":"closed","ping_status":"closed","template":"","meta":[],"product_cat":[126],"product_tag":[],"class_list":["post-10890","product","type-product","status-publish","has-post-thumbnail","hentry","product_cat-kinderrollstuhl"],"_links":{"self":[{"href":"https:\/\/anbanjia.com.cn\/de\/wp-json\/wp\/v2\/product\/10890","targetHints":{"allow":["GET"]}}],"collection":[{"href":"https:\/\/anbanjia.com.cn\/de\/wp-json\/wp\/v2\/product"}],"about":[{"href":"https:\/\/anbanjia.com.cn\/de\/wp-json\/wp\/v2\/types\/product"}],"replies":[{"embeddable":true,"href":"https:\/\/anbanjia.com.cn\/de\/wp-json\/wp\/v2\/comments?post=10890"}],"wp:featuredmedia":[{"embeddable":true,"href":"https:\/\/anbanjia.com.cn\/de\/wp-json\/wp\/v2\/media\/10902"}],"wp:attachment":[{"href":"https:\/\/anbanjia.com.cn\/de\/wp-json\/wp\/v2\/media?parent=10890"}],"wp:term":[{"taxonomy":"product_cat","embeddable":true,"href":"https:\/\/anbanjia.com.cn\/de\/wp-json\/wp\/v2\/product_cat?post=10890"},{"taxonomy":"product_tag","embeddable":true,"href":"https:\/\/anbanjia.com.cn\/de\/wp-json\/wp\/v2\/product_tag?post=10890"}],"curies":[{"name":"wp","href":"https:\/\/api.w.org\/{rel}","templated":true}]}}