{"id":10451,"date":"2022-05-02T18:08:03","date_gmt":"2022-05-02T18:08:03","guid":{"rendered":"https:\/\/www.anbanjia.com.cn\/product\/guenstiger-preis-elektroroller-mobilitaetsgepaeckform-faltbarer-leichter-gepaeckroller-fuer-aeltere-menschen\/"},"modified":"2022-05-02T18:08:03","modified_gmt":"2022-05-02T18:08:03","slug":"billiger-preis-elektroroller-mobilitatsgepackform-faltbarer-leichter-gepackroller-fur-altere","status":"publish","type":"product","link":"https:\/\/anbanjia.com.cn\/de\/produkt\/billiger-preis-elektroroller-mobilitatsgepackform-faltbarer-leichter-gepackroller-fur-altere\/","title":{"rendered":"G\u00fcnstiger Preis Elektroroller Mobilit\u00e4tsgep\u00e4ckform Faltbarer leichter Gep\u00e4ckroller f\u00fcr \u00e4ltere Menschen"},"content":{"rendered":"<div style=\"max-width: 750px;margin: 0 auto;\">\n<div class=\"mceSectionContainer\" data-section=\"AliPostDhMb-ljvh5\" data-section-title=\"Product Details\" id=\"ali-anchor-AliPostDhMb-ljvh5\" style=\"padding-top: 8px;\">\n<div id=\"ali-title-AliPostDhMb-ljvh5\" style=\"padding: 8px 0; border-bottom: 1px solid #ddd;\"><span style=\"background-color: #ddd; color: #333; font-weight: bold; padding: 8px 10px; line-height: 12px;\">Produktdetails<\/span><\/div>\n<div style=\"padding: 10px 0;\">\n<p style=\"text-align: center;\"><span style=\"font-size: 24px;\"><span style=\"font-size: 24px;\"><strong>Gep\u00e4ckleichter<\/strong><\/span> <strong>Elektroroller mit CE-, ROSH-, FCC-Zertifikat<\/strong><\/span><\/p>\n<p style=\"text-align: center;\">\n<table border=\"1\" style=\"border-collapse: collapse; background-color: #ffffff; width: 72.8838%;\">\n<tbody>\n<tr>\n<td style=\"width: 44%; text-align: left;\"><span style=\"font-size: 18px;\">Gesamtgr\u00f6\u00dfe<\/span><\/td>\n<td style=\"width: 48.9817%;\"><span style=\"font-size: 18px;\">110 x 53 x 98 cm<\/span><\/td>\n<\/tr>\n<tr>\n<td style=\"width: 44%;\"><span style=\"font-size: 18px;\">Gefaltete Breite<\/span><\/td>\n<td style=\"width: 48.9817%;\">\n<p><span style=\"font-size: 18px;\">53*38*79cm<\/span><\/p>\n<\/td>\n<\/tr>\n<tr>\n<td style=\"width: 44%;\"><span style=\"font-size: 18px;\">Vorderrad<\/span><\/td>\n<td style=\"width: 48.9817%;\"><span style=\"font-size: 18px;\">8&#8220; PU<\/span><\/td>\n<\/tr>\n<tr>\n<td style=\"width: 44%;\"><span style=\"font-size: 18px;\">Hinterrad<\/span><\/td>\n<td style=\"width: 48.9817%;\"><span style=\"font-size: 18px;\">10\u201d PU<\/span><\/td>\n<\/tr>\n<tr>\n<td style=\"width: 44%;\"><span style=\"font-size: 18px;\">NW<\/span><\/td>\n<td style=\"width: 48.9817%;\"><span style=\"font-size: 18px;\">26kg<\/span><\/td>\n<\/tr>\n<tr>\n<td style=\"width: 44%;\"><span style=\"font-size: 18px;\">Geschwindigkeit<\/span><\/td>\n<td style=\"width: 48.9817%;\"><span style=\"font-size: 18px;\">einstellbar 6, 12, 20 km\/h<\/span><\/td>\n<\/tr>\n<tr>\n<td style=\"width: 44%;\"><span style=\"font-size: 18px;\">Batterie<\/span><\/td>\n<td style=\"width: 48.9817%;\"><span style=\"font-size: 18px;\">48v<\/span><\/td>\n<\/tr>\n<tr>\n<td style=\"width: 44%;\"><span style=\"font-size: 18px;\">Reichweite (1 Akku)<\/span><\/td>\n<td style=\"width: 48.9817%;\"><span style=\"font-size: 18px;\">30 km, 1,5 h<\/span><\/td>\n<\/tr>\n<tr>\n<td style=\"width: 44%;\"><span style=\"font-size: 18px;\"><span style=\"color: #000000; font-family: Verdana, Arial, Helvetica, sans-serif; font-size: 18px; font-style: normal; font-weight: 400; background-color: #ffffff; display: inline !important; float: none;\">Reichweite (2 Batterien)<\/span><\/span><\/td>\n<td style=\"width: 48.9817%;\"><span style=\"font-size: 18px;\">45-50 km, 2,5 h<\/span><\/td>\n<\/tr>\n<tr>\n<td style=\"width: 44%;\"><span style=\"font-size: 18px;\">B\u00fcrstenloser Motor<\/span><\/td>\n<td style=\"width: 48.9817%;\"><span style=\"font-size: 18px;\">350W<\/span><\/td>\n<\/tr>\n<tr>\n<td style=\"width: 44%;\"><span style=\"font-size: 18px;\">Batterie<\/span><\/td>\n<td style=\"width: 48.9817%;\"><span style=\"font-size: 18px;\">48 V, 2600 Ah<\/span><\/td>\n<\/tr>\n<tr>\n<td style=\"width: 44%;\"><span style=\"font-size: 18px;\">Ladezeit<\/span><\/td>\n<td style=\"width: 48.9817%;\"><span style=\"font-size: 18px;\">3,5h<\/span><\/td>\n<\/tr>\n<tr>\n<td style=\"width: 44%;\"><span style=\"font-size: 18px;\">Verpackungsgr\u00f6\u00dfe<\/span><\/td>\n<td style=\"width: 48.9817%;\"><span style=\"font-size: 18px;\">83 * 52,5 * 42 cm<\/span><\/td>\n<\/tr>\n<\/tbody>\n<\/table>\n<p> <img decoding=\"async\" data-alt=\"Cheap price Electric Scooter Mobility luggage shape Foldable lightweight luggage scooter for elderly\" data-src=\"\" ori-height=\"800\" ori-width=\"800\" src=\"https:\/\/anbanjia.com.cn\/wp-content\/uploads\/2022\/05\/Hcaab8e4ad16443a78aafb5e369cdf10d1.jpg\" style=\"max-width: 750;\"><\/p>\n<p> <img decoding=\"async\" data-alt=\"Cheap price Electric Scooter Mobility luggage shape Foldable lightweight luggage scooter for elderly\" data-src=\"\" ori-height=\"800\" ori-width=\"800\" src=\"https:\/\/anbanjia.com.cn\/wp-content\/uploads\/2022\/05\/Hc962394e21e3416fa638e1abf21e3dd6e.jpg\"><img decoding=\"async\" data-alt=\"Cheap price Electric Scooter Mobility luggage shape Foldable lightweight luggage scooter for elderly\" data-src=\"\" ori-height=\"593\" ori-width=\"800\" src=\"https:\/\/anbanjia.com.cn\/wp-content\/uploads\/2022\/05\/H80be1f367ed943a3a3d4436462b3a96eu.jpg\"><img decoding=\"async\" data-alt=\"Cheap price Electric Scooter Mobility luggage shape Foldable lightweight luggage scooter for elderly\" data-src=\"\" ori-height=\"949\" ori-width=\"800\" src=\"https:\/\/anbanjia.com.cn\/wp-content\/uploads\/2022\/05\/H794524d3df054d87a4969c373f110431v.jpg\"><img decoding=\"async\" data-alt=\"Cheap price Electric Scooter Mobility luggage shape Foldable lightweight luggage scooter for elderly\" data-src=\"\" ori-height=\"717\" ori-width=\"800\" src=\"https:\/\/anbanjia.com.cn\/wp-content\/uploads\/2022\/05\/Hb4aba5a34ff84aa9acae42c76a09ac5eo.jpg\"><\/p>\n<\/p><\/div>\n<\/p><\/div>\n<div class=\"mceSectionContainer\" data-section=\"AliPostDhMb-g8zpw\" data-section-title=\"contact us\" id=\"ali-anchor-AliPostDhMb-g8zpw\" style=\"padding-top: 8px;\">\n<div id=\"ali-title-AliPostDhMb-g8zpw\" style=\"padding: 8px 0; border-bottom: 1px solid #ddd;\"><span style=\"background-color: #ddd; color: #333; font-weight: bold; padding: 8px 10px; line-height: 12px;\">kontaktiere uns<\/span><\/div>\n<div style=\"padding: 10px 0;\">\n<p><img decoding=\"async\" data-alt=\"Cheap price Electric Scooter Mobility luggage shape Foldable lightweight luggage scooter for elderly\" data-src=\"\" ori-height=\"271\" ori-width=\"760\" src=\"https:\/\/anbanjia.com.cn\/wp-content\/uploads\/2022\/05\/HTB1vm0WR3HqK1RjSZFEq6AGMXXa6.jpg\"><\/p>\n<\/p><\/div>\n<\/p><\/div>\n<div class=\"mceSectionContainer\" data-section=\"AliPostDhMb-vv6n9\" data-section-title=\"Product Categories\" id=\"ali-anchor-AliPostDhMb-vv6n9\" style=\"padding-top: 8px;\">\n<div id=\"ali-title-AliPostDhMb-vv6n9\" style=\"padding: 8px 0; border-bottom: 1px solid #ddd;\"><span style=\"background-color: #ddd; color: #333; font-weight: bold; padding: 8px 10px; line-height: 12px;\">Produktkategorien<\/span><\/div>\n<div style=\"padding: 10px 0;\">\n<p> <a href=\"https:\/\/abj-medical.en.alibaba.com\/productgrouplist-804871560\/Electric_wheelchair_and_apparatus.html?spm=a2700.icbuShop.88.30.704a44ebaAhP4D\" target=\"_blank\" rel=\"noopener\"><img decoding=\"async\" data-alt=\"Cheap price Electric Scooter Mobility luggage shape Foldable lightweight luggage scooter for elderly\" data-src=\"\" ori-height=\"285\" ori-width=\"750\" src=\"https:\/\/anbanjia.com.cn\/wp-content\/uploads\/2022\/05\/HTB1ERWiSFXXXXasXXXXq6xXFXXXw.jpg\"><\/a><\/p>\n<\/p><\/div>\n<\/p><\/div>\n<div class=\"mceSectionContainer\" data-section=\"AliPostDhMb-ub5hb\" data-section-title=\"certificate\" id=\"ali-anchor-AliPostDhMb-ub5hb\" style=\"padding-top: 8px;\">\n<div id=\"ali-title-AliPostDhMb-ub5hb\" style=\"padding: 8px 0; border-bottom: 1px solid #ddd;\"><span style=\"background-color: #ddd; color: #333; font-weight: bold; padding: 8px 10px; line-height: 12px;\">Zertifikat<\/span><\/div>\n<div style=\"padding: 10px 0;\">\n<p><img decoding=\"async\" data-alt=\"Cheap price Electric Scooter Mobility luggage shape Foldable lightweight luggage scooter for elderly\" data-src=\"\" ori-height=\"365\" ori-width=\"750\" src=\"https:\/\/anbanjia.com.cn\/wp-content\/uploads\/2022\/05\/HTB1Z1olSpXXXXctXXXXq6xXFXXXu-1.jpg\"> <\/p>\n<\/p><\/div>\n<\/p><\/div>\n<div class=\"mceSectionContainer\" data-section=\"AliPostDhMb-yhho8\" data-section-title=\"company information\" id=\"ali-anchor-AliPostDhMb-yhho8\" style=\"padding-top: 8px;\">\n<div id=\"ali-title-AliPostDhMb-yhho8\" style=\"padding: 8px 0; border-bottom: 1px solid #ddd;\"><span style=\"background-color: #ddd; color: #333; font-weight: bold; padding: 8px 10px; line-height: 12px;\">Firmeninformation<\/span><\/div>\n<div style=\"padding: 10px 0;\">\n<p><img decoding=\"async\" data-src=\"\" ori-height=\"1100\" ori-width=\"750\" src=\"https:\/\/anbanjia.com.cn\/wp-content\/uploads\/2022\/05\/HTB1HgKPcQ5E3KVjSZFCq6zuzXXay.jpg\"><\/p>\n<\/p><\/div>\n<\/p><\/div>\n<div class=\"mceSectionContainer\" data-section=\"AliPostDhMb-dlpgq\" data-section-title=\"Home\" id=\"ali-anchor-AliPostDhMb-dlpgq\" style=\"padding-top: 8px;\">\n<div id=\"ali-title-AliPostDhMb-dlpgq\" style=\"padding: 8px 0; border-bottom: 1px solid #ddd;\"><span style=\"background-color: #ddd; color: #333; font-weight: bold; padding: 8px 10px; line-height: 12px;\">Heim<\/span><\/div>\n<div style=\"padding: 10px 0;\">\n<p><img decoding=\"async\" data-alt=\"Cheap price Electric Scooter Mobility luggage shape Foldable lightweight luggage scooter for elderly\" data-src=\"\" ori-height=\"172\" ori-width=\"750\" src=\"https:\/\/anbanjia.com.cn\/wp-content\/uploads\/2022\/05\/unnamed-file-3.jpg\"><\/p>\n<p><a href=\"https:\/\/abj-medical.en.alibaba.com\/?spm=a2700.8304367.topnav.1.7fb94f0d6W4Kaf\" target=\"_blank\" rel=\"noopener\"><img decoding=\"async\" data-alt=\"Cheap price Electric Scooter Mobility luggage shape Foldable lightweight luggage scooter for elderly\" data-src=\"\" ori-height=\"124\" ori-width=\"750\" src=\"https:\/\/anbanjia.com.cn\/wp-content\/uploads\/2022\/05\/HTB10aT7SpXXXXa7XFXXq6xXFXXXO-1.jpg\"><\/a> <\/p>\n<\/p><\/div>\n<\/p><\/div>\n<\/div>\n","protected":false},"excerpt":{"rendered":"<div style=\"width:auto\">\n<div style=\"min-width: 300px;max-width: 300px;word-wrap: break-word;float: left\">Herkunftsort: China <\/div>\n<div style=\"min-width: 300px;max-width: 300px;word-wrap: break-word;float: left\">Markenname: Anbanjia<\/div>\n<\/p><\/div>\n<div style=\"width:auto\">\n<div style=\"min-width: 300px;max-width: 300px;word-wrap: break-word;float: left\">Leistung: 201-500 W <\/div>\n<div style=\"min-width: 300px;max-width: 300px;word-wrap: break-word;float: left\">Spannung: 48 V<\/div>\n<\/p><\/div>\n<div style=\"width:auto\">\n<div style=\"min-width: 300px;max-width: 300px;word-wrap: break-word;float: left\">Ladezeit: 3,5 h <\/div>\n<div style=\"min-width: 300px;max-width: 300px;word-wrap: break-word;float: left\">Faltbar: Ja<\/div>\n<\/p><\/div>\n<div style=\"width:auto\">\n<div style=\"min-width: 300px;max-width: 300px;word-wrap: break-word;float: left\">Reichweite pro Ladung: 30 km <\/div>\n<div style=\"min-width: 300px;max-width: 300px;word-wrap: break-word;float: left\">H\u00f6chstgeschwindigkeit: &lt;30 km\/h<\/div>\n<\/p><\/div>\n<div style=\"width:auto\">\n<div style=\"min-width: 300px;max-width: 300px;word-wrap: break-word;float: left\">Smart-Typ:Elektronisch <\/div>\n<div style=\"min-width: 300px;max-width: 300px;word-wrap: break-word;float: left\">Gesamtgr\u00f6\u00dfe: 123 * 57 * 95<\/div>\n<\/p><\/div>\n<div style=\"width:auto\">\n<div style=\"min-width: 300px;max-width: 300px;word-wrap: break-word;float: left\">Gefaltete Breite: 44 * 36 * 74 <\/div>\n<div style=\"min-width: 300px;max-width: 300px;word-wrap: break-word;float: left\">Laufrolle \u2013 Hinterrad: 8 Zoll \u2013 10 Zoll PU<\/div>\n<\/p><\/div>\n<div style=\"width:auto\">\n<div style=\"min-width: 300px;max-width: 300px;word-wrap: break-word;float: left\">NW: 29 kg <\/div>\n<div style=\"min-width: 300px;max-width: 300px;word-wrap: break-word;float: left\">Geschwindigkeit: einstellbar 0~8 km\/h<\/div>\n<\/p><\/div>\n<div style=\"width:auto\">\n<div style=\"min-width: 300px;max-width: 300px;word-wrap: break-word;float: left\">Lithiumbatterie: 36 V <\/div>\n<div style=\"min-width: 300px;max-width: 300px;word-wrap: break-word;float: left\">Reichweite: 20 km<\/div>\n<\/p><\/div>\n<div style=\"width:auto\">\n<div style=\"min-width: 300px;max-width: 300px;word-wrap: break-word;float: left\">B\u00fcrstenloser Motor: 300 W <\/div>\n<div style=\"min-width: 300px;max-width: 300px;word-wrap: break-word;float: left\">Gewichtskapazit\u00e4t: 130 kg<\/div>\n<\/p><\/div>\n<div>Kundenspezifisches Logo (Mindestbestellmenge: 100 St\u00fcck)<\/div>\n<div>Kundenspezifische Verpackung (Mindestbestellmenge: 500 St\u00fcck)<\/div>\n","protected":false},"featured_media":10517,"comment_status":"closed","ping_status":"closed","template":"","meta":[],"product_cat":[119],"product_tag":[],"class_list":["post-10451","product","type-product","status-publish","has-post-thumbnail","hentry","product_cat-alterer-roller"],"_links":{"self":[{"href":"https:\/\/anbanjia.com.cn\/de\/wp-json\/wp\/v2\/product\/10451","targetHints":{"allow":["GET"]}}],"collection":[{"href":"https:\/\/anbanjia.com.cn\/de\/wp-json\/wp\/v2\/product"}],"about":[{"href":"https:\/\/anbanjia.com.cn\/de\/wp-json\/wp\/v2\/types\/product"}],"replies":[{"embeddable":true,"href":"https:\/\/anbanjia.com.cn\/de\/wp-json\/wp\/v2\/comments?post=10451"}],"wp:featuredmedia":[{"embeddable":true,"href":"https:\/\/anbanjia.com.cn\/de\/wp-json\/wp\/v2\/media\/10517"}],"wp:attachment":[{"href":"https:\/\/anbanjia.com.cn\/de\/wp-json\/wp\/v2\/media?parent=10451"}],"wp:term":[{"taxonomy":"product_cat","embeddable":true,"href":"https:\/\/anbanjia.com.cn\/de\/wp-json\/wp\/v2\/product_cat?post=10451"},{"taxonomy":"product_tag","embeddable":true,"href":"https:\/\/anbanjia.com.cn\/de\/wp-json\/wp\/v2\/product_tag?post=10451"}],"curies":[{"name":"wp","href":"https:\/\/api.w.org\/{rel}","templated":true}]}}