{"id":10338,"date":"2022-05-02T18:08:00","date_gmt":"2022-05-02T18:08:00","guid":{"rendered":"https:\/\/www.anbanjia.com.cn\/product\/werksverkauf-alte-menschen-auf-und-ab-treppe-elektrische-raupe-klettertreppe-maschine-rollstuhl-treppensteiger\/"},"modified":"2022-05-02T18:08:00","modified_gmt":"2022-05-02T18:08:00","slug":"werksverkauf-alte-menschen-auf-und-ab-treppen-elektrisch-raupen-treppensteigen-maschine-rollstuhl-treppensteiger","status":"publish","type":"product","link":"https:\/\/anbanjia.com.cn\/de\/produkt\/werksverkauf-alte-menschen-auf-und-ab-treppen-elektrisch-raupen-treppensteigen-maschine-rollstuhl-treppensteiger\/","title":{"rendered":"Werksverkauf Alte Menschen auf und ab Treppe elektrische Raupe Klettertreppe Maschine Rollstuhl Treppensteiger"},"content":{"rendered":"<div style=\"max-width: 750px;margin: 0 auto;\">\n<p><strong><span style=\"font-size: 32px; font-family: 'comic sans ms', sans-serif;\">Alte Menschen auf und ab Treppe elektrische Raupe Klettertreppe Maschine Rollstuhl Treppensteiger<\/span><\/strong><\/p>\n<p><span style=\"color: #ff0000;\"><strong><span style=\"font-size: 32px; font-family: 'comic sans ms', sans-serif;\"><img decoding=\"async\" data-alt=\"Factory sale Old people up and down stairs electric crawler climbing staircase machine wheelchair stair climber\" data-src=\"\" ori-height=\"551\" ori-width=\"750\" src=\"https:\/\/anbanjia.com.cn\/wp-content\/uploads\/2022\/05\/HTB1doXEaWmWBuNkHFJHq6yatVXad.jpg\" style=\"max-width: 750;\"><img decoding=\"async\" data-alt=\"Factory sale Old people up and down stairs electric crawler climbing staircase machine wheelchair stair climber\" data-src=\"\" ori-height=\"1073\" ori-width=\"750\" src=\"https:\/\/anbanjia.com.cn\/wp-content\/uploads\/2022\/05\/HTB1ZLdCa8mWBuNkSndVq6AsApXat.jpg\"><img decoding=\"async\" data-alt=\"Factory sale Old people up and down stairs electric crawler climbing staircase machine wheelchair stair climber\" data-src=\"\" ori-height=\"1044\" ori-width=\"750\" src=\"https:\/\/anbanjia.com.cn\/wp-content\/uploads\/2022\/05\/HTB1sTGCd7SWBuNjSszdq6zeSpXa3.jpg\"><img decoding=\"async\" data-alt=\"Factory sale Old people up and down stairs electric crawler climbing staircase machine wheelchair stair climber\" data-src=\"\" ori-height=\"737\" ori-width=\"750\" src=\"https:\/\/anbanjia.com.cn\/wp-content\/uploads\/2022\/05\/HTB1LZCgdYuWBuNjSszgq6z8jVXa9.jpg\"><img decoding=\"async\" data-alt=\"Factory sale Old people up and down stairs electric crawler climbing staircase machine wheelchair stair climber\" data-src=\"\" ori-height=\"699\" ori-width=\"750\" src=\"https:\/\/anbanjia.com.cn\/wp-content\/uploads\/2022\/05\/HTB1r_GCd7SWBuNjSszdq6zeSpXah.jpg\"><img decoding=\"async\" data-alt=\"Factory sale Old people up and down stairs electric crawler climbing staircase machine wheelchair stair climber\" data-src=\"\" ori-height=\"622\" ori-width=\"750\" src=\"https:\/\/anbanjia.com.cn\/wp-content\/uploads\/2022\/05\/HTB15oNLa_mWBKNjSZFBq6xxUFXa2.jpg\"><img decoding=\"async\" data-alt=\"Factory sale Old people up and down stairs electric crawler climbing staircase machine wheelchair stair climber\" data-src=\"\" ori-height=\"826\" ori-width=\"750\" src=\"https:\/\/anbanjia.com.cn\/wp-content\/uploads\/2022\/05\/HTB1Q3j0d9BYBeNjy0Feq6znmFXad.jpg\"><img decoding=\"async\" data-alt=\"Factory sale Old people up and down stairs electric crawler climbing staircase machine wheelchair stair climber\" data-src=\"\" ori-height=\"1308\" ori-width=\"750\" src=\"https:\/\/anbanjia.com.cn\/wp-content\/uploads\/2022\/05\/HTB1gyVtaVooBKNjSZFPq6xa2XXaz.jpg\"><img decoding=\"async\" data-alt=\"Factory sale Old people up and down stairs electric crawler climbing staircase machine wheelchair stair climber\" data-src=\"\" ori-height=\"558\" ori-width=\"792\" src=\"https:\/\/anbanjia.com.cn\/wp-content\/uploads\/2022\/05\/Ha487a27a4ae040f596bc66654ac06ed6f.png\"><img decoding=\"async\" data-alt=\"Factory sale Old people up and down stairs electric crawler climbing staircase machine wheelchair stair climber\" data-src=\"\" ori-height=\"780\" ori-width=\"750\" src=\"https:\/\/anbanjia.com.cn\/wp-content\/uploads\/2022\/05\/HTB1pQINaJknBKNjSZKPq6x6OFXax.jpg\"><img decoding=\"async\" data-alt=\"Factory sale Old people up and down stairs electric crawler climbing staircase machine wheelchair stair climber\" data-src=\"\" ori-height=\"756\" ori-width=\"786\" src=\"https:\/\/anbanjia.com.cn\/wp-content\/uploads\/2022\/05\/H3119bdff1aae426ebd6aa6fd9a5f8e6e0.png\"><img decoding=\"async\" data-alt=\"Factory sale Old people up and down stairs electric crawler climbing staircase machine wheelchair stair climber\" data-src=\"\" ori-height=\"867\" ori-width=\"787\" src=\"https:\/\/anbanjia.com.cn\/wp-content\/uploads\/2022\/05\/H02b9ecbc2fd44407b98c71f66343c5f9c.png\"><img decoding=\"async\" data-alt=\"Factory sale Old people up and down stairs electric crawler climbing staircase machine wheelchair stair climber\" data-src=\"\" ori-height=\"992\" ori-width=\"750\" src=\"https:\/\/anbanjia.com.cn\/wp-content\/uploads\/2022\/05\/HTB1CFqHd7CWBuNjy0Faq6xUlXXa2.jpg\"><img decoding=\"async\" data-alt=\"Factory sale Old people up and down stairs electric crawler climbing staircase machine wheelchair stair climber\" data-src=\"\" ori-height=\"710\" ori-width=\"750\" src=\"https:\/\/anbanjia.com.cn\/wp-content\/uploads\/2022\/05\/HTB1vCWxd41YBuNjy1zcq6zNcXXa9.jpg\"><\/span><\/strong><\/span><\/p>\n<p><span style=\"color: #ff0000;\"><strong><span style=\"font-size: 32px; font-family: 'comic sans ms', sans-serif;\"><img decoding=\"async\" data-alt=\"Factory sale Old people up and down stairs electric crawler climbing staircase machine wheelchair stair climber\" data-src=\"\" ori-height=\"576\" ori-width=\"756\" src=\"https:\/\/anbanjia.com.cn\/wp-content\/uploads\/2022\/05\/HTB1FNB_d7KWBuNjy1zjq6AOypXav.jpg\"><\/span><\/strong><\/span><\/p>\n<p><span style=\"color: #ff0000;\"><strong><span style=\"font-size: 32px; font-family: 'comic sans ms', sans-serif;\">W\u00e4hlen Sie uns nicht nur f\u00fcrs Gesch\u00e4ft<br \/><span style=\"font-size: 18px; color: #000000;\">Wir k\u00fcmmern uns ernsthaft um Ihre Bestellung und sch\u00e4tzen jede an uns gesendete Anfrage, um einen schnellen wettbewerbsf\u00e4higen Preis zu gew\u00e4hrleisten.<\/span><br \/><span style=\"font-size: 18px; color: #000000;\">P\u00fcnktliche Lieferzeit:<\/span><br \/><span style=\"font-size: 18px; color: #000000;\">&#8211; Wir geben Ihre Bestellung auf und handeln sofort, stellen Ihre p\u00fcnktliche Lieferzeit sicher<\/span><br \/><span style=\"font-size: 18px; color: #000000;\">\u00dcberpr\u00fcfen Sie vor dem Versand:<\/span><br \/><span style=\"font-size: 18px; color: #000000;\">&#8211; Unsere Inspektionskollegen \u00fcberpr\u00fcfen die Qualit\u00e4t vor dem Verpacken zum Versand. Wir machen eine Versandbenachrichtigung, sobald Ihre Bestellung versandt wurde<\/span><br \/><span style=\"font-size: 18px; color: #000000;\">Kundendienst :<\/span><br \/><span style=\"font-size: 18px; color: #000000;\">Wir freuen uns \u00fcber Ihre Anfrage zur Ware und respektieren Ihr Feedback nach Erhalt der Ware.<img decoding=\"async\" data-alt=\"Factory sale Old people up and down stairs electric crawler climbing staircase machine wheelchair stair climber\" data-src=\"\" ori-height=\"944\" ori-width=\"750\" src=\"https:\/\/anbanjia.com.cn\/wp-content\/uploads\/2022\/05\/H2624fa5d782c4876bf4d35d9dc8a3fa9k.jpg\"><img decoding=\"async\" data-alt=\"Factory sale Old people up and down stairs electric crawler climbing staircase machine wheelchair stair climber\" data-src=\"\" ori-height=\"271\" ori-width=\"760\" src=\"https:\/\/anbanjia.com.cn\/wp-content\/uploads\/2022\/05\/H68d7be08c0014ed9b4a71c60879f7de3d.png\"><\/span><br \/><\/span><\/strong><\/span><\/p>\n<\/p>\n<\/div>\n","protected":false},"excerpt":{"rendered":"<div style=\"width:auto\">\n<div style=\"min-width: 300px;max-width: 300px;word-wrap: break-word;float: left\">Herkunftsort: Guangdong, China <\/div>\n<div style=\"min-width: 300px;max-width: 300px;word-wrap: break-word;float: left\">Markenname: Anbanjia<\/div>\n<\/p><\/div>\n<div style=\"width:auto\">\n<div style=\"min-width: 300px;max-width: 300px;word-wrap: break-word;float: left\">Modellnummer: ABJ-2011 <\/div>\n<div style=\"min-width: 300px;max-width: 300px;word-wrap: break-word;float: left\">Instrumentenklassifizierung: Klasse II<\/div>\n<\/p><\/div>\n<div style=\"width:auto\">\n<div style=\"min-width: 300px;max-width: 300px;word-wrap: break-word;float: left\">Garantie: KEINE <\/div>\n<div style=\"min-width: 300px;max-width: 300px;word-wrap: break-word;float: left\">Kundendienst: KEINE<\/div>\n<\/p><\/div>\n<div style=\"width:auto\">\n<div style=\"min-width: 300px;max-width: 300px;word-wrap: break-word;float: left\">Material: Aluminium <\/div>\n<div style=\"min-width: 300px;max-width: 300px;word-wrap: break-word;float: left\">Aufgeklappte Gr\u00f6\u00dfe: 123 x 51 x 160 cm<\/div>\n<\/p><\/div>\n<div style=\"width:auto\">\n<div style=\"min-width: 300px;max-width: 300px;word-wrap: break-word;float: left\">Faltbare Gr\u00f6\u00dfe: 110 x 57 x 34 cm <\/div>\n<div style=\"min-width: 300px;max-width: 300px;word-wrap: break-word;float: left\">Nettogewicht\/Bruttogewicht: 30 kg\/45 kg<\/div>\n<\/p><\/div>\n","protected":false},"featured_media":10419,"comment_status":"closed","ping_status":"closed","template":"","meta":[],"product_cat":[122],"product_tag":[],"class_list":["post-10338","product","type-product","status-publish","has-post-thumbnail","hentry","product_cat-steigender-rollstuhl"],"_links":{"self":[{"href":"https:\/\/anbanjia.com.cn\/de\/wp-json\/wp\/v2\/product\/10338","targetHints":{"allow":["GET"]}}],"collection":[{"href":"https:\/\/anbanjia.com.cn\/de\/wp-json\/wp\/v2\/product"}],"about":[{"href":"https:\/\/anbanjia.com.cn\/de\/wp-json\/wp\/v2\/types\/product"}],"replies":[{"embeddable":true,"href":"https:\/\/anbanjia.com.cn\/de\/wp-json\/wp\/v2\/comments?post=10338"}],"wp:featuredmedia":[{"embeddable":true,"href":"https:\/\/anbanjia.com.cn\/de\/wp-json\/wp\/v2\/media\/10419"}],"wp:attachment":[{"href":"https:\/\/anbanjia.com.cn\/de\/wp-json\/wp\/v2\/media?parent=10338"}],"wp:term":[{"taxonomy":"product_cat","embeddable":true,"href":"https:\/\/anbanjia.com.cn\/de\/wp-json\/wp\/v2\/product_cat?post=10338"},{"taxonomy":"product_tag","embeddable":true,"href":"https:\/\/anbanjia.com.cn\/de\/wp-json\/wp\/v2\/product_tag?post=10338"}],"curies":[{"name":"wp","href":"https:\/\/api.w.org\/{rel}","templated":true}]}}