{"id":10315,"date":"2022-05-02T18:07:56","date_gmt":"2022-05-02T18:07:56","guid":{"rendered":"https:\/\/www.anbanjia.com.cn\/product\/hoehenverstellbarer-hydraulischer-transferstuhl-mit-pedal-und-kommode\/"},"modified":"2022-05-02T18:07:56","modified_gmt":"2022-05-02T18:07:56","slug":"hohenverstellbarer-pedal-hydraulischer-transferstuhl-mit-kommode","status":"publish","type":"product","link":"https:\/\/anbanjia.com.cn\/de\/produkt\/hohenverstellbarer-pedal-hydraulischer-transferstuhl-mit-kommode\/","title":{"rendered":"H\u00f6henverstellbarer hydraulischer Transferstuhl mit Pedal und Kommode"},"content":{"rendered":"<div style=\"max-width: 750px; margin: 0 auto;\">\n<div id=\"detail_decorate_root\" data-magic-global=\"%7B%22bizId%22%3A3215165050%2C%22pageId%22%3A20200009665%2C%22siteId%22%3A5005610021%7D\">\n<div class=\"J_module\">\n<div class=\"detail-decorate-json-renderer-container\">\n<div class=\"magic-1\">\n<div class=\"magic-2\">\n<div class=\"magic-3\">\n<div class=\"magic-4\">\n<div class=\"magic-5\"><b><span class=\"magic-6\">Verstellbarer multifunktionaler Transferstuhl aus Edelstahl 304 mit T\u00f6pfchen<\/span><\/b><\/div>\n<\/div>\n<\/div>\n<\/div>\n<\/div>\n<\/div>\n<\/div>\n<div class=\"J_module\">\n<div class=\"ife-detail-decorate-table\">\n<table class=\"has-title all magic-7\">\n<tbody>\n<tr>\n<td colspan=\"1\" rowspan=\"1\">\n<div class=\"magic-8\">Material<\/div>\n<\/td>\n<td colspan=\"1\" rowspan=\"1\">\n<div class=\"magic-9\">Edelstahl 304<\/div>\n<\/td>\n<td colspan=\"1\" rowspan=\"1\">\n<div class=\"magic-10\">Bruttogewicht<\/div>\n<\/td>\n<td colspan=\"1\" rowspan=\"1\">\n<div class=\"magic-11\">35,5 kg<\/div>\n<\/td>\n<\/tr>\n<tr>\n<td colspan=\"1\" rowspan=\"1\">\n<div class=\"magic-8\">Sitzbreite<\/div>\n<\/td>\n<td colspan=\"1\" rowspan=\"1\">\n<div class=\"magic-9\">45cm<\/div>\n<\/td>\n<td colspan=\"1\" rowspan=\"1\">\n<div class=\"magic-10\">Nettogewicht<\/div>\n<\/td>\n<td colspan=\"1\" rowspan=\"1\">\n<div class=\"magic-11\">32,5 kg<\/div>\n<\/td>\n<\/tr>\n<tr>\n<td colspan=\"1\" rowspan=\"1\">\n<div class=\"magic-8\">Sitzh\u00f6he<\/div>\n<\/td>\n<td colspan=\"1\" rowspan=\"1\">\n<div class=\"magic-9\">46-66cm<\/div>\n<\/td>\n<td colspan=\"1\" rowspan=\"1\">\n<div class=\"magic-10\">Lagergewicht<\/div>\n<\/td>\n<td colspan=\"1\" rowspan=\"1\">\n<div class=\"magic-11\">150 kg<\/div>\n<\/td>\n<\/tr>\n<tr>\n<td colspan=\"1\" rowspan=\"1\">\n<div class=\"magic-8\">Packungsgr\u00f6\u00dfe<\/div>\n<\/td>\n<td colspan=\"1\" rowspan=\"1\">\n<div class=\"magic-9\">64*47*86,5 cm<\/div>\n<\/td>\n<td colspan=\"1\" rowspan=\"1\">\n<div class=\"magic-10\">Gesamth\u00f6he<\/div>\n<\/td>\n<td colspan=\"1\" rowspan=\"1\">\n<div class=\"magic-11\">89-109cm<\/div>\n<\/td>\n<\/tr>\n<\/tbody>\n<\/table>\n<div class=\"magic-5\" data-spm-anchor-id=\"a2700.details.0.i22.2c1226fbtqvaox\"><span class=\"magic-13\"><b>Haben Sie alle Arten des Modells \u00fcber den Transferrollstuhl,<\/b><\/span><\/div>\n<div class=\"magic-5\"><span class=\"magic-13\"><b>Willkommen kontaktieren Sie den Verk\u00e4ufer \u00fcber das Detail.<\/b><\/span><\/div>\n<div>\n<div class=\"magic-5\"><b><span class=\"magic-13\">Wenn Sie Fragen haben, wenden Sie sich bitte an den Verk\u00e4ufer oder WhatsApp: +86 13246918260.<\/span><\/b><\/div>\n<div><img decoding=\"async\" src=\"https:\/\/s.alicdn.com\/@sc04\/kf\/Haac2f710f5ad4880b80f1528647ff6dcS\/230438700\/Haac2f710f5ad4880b80f1528647ff6dcS.png?quality=close\"><\/div>\n<div><img decoding=\"async\" src=\"https:\/\/s.alicdn.com\/@sc04\/kf\/H728a157eb9fb4ba1a9201472611c88f5p\/230438700\/H728a157eb9fb4ba1a9201472611c88f5p.jpg?quality=close\"><\/div>\n<div><img decoding=\"async\" src=\"https:\/\/s.alicdn.com\/@sc04\/kf\/Hf86b4ac7450946ce8c1993b4a2e5bb3b3\/230438700\/Hf86b4ac7450946ce8c1993b4a2e5bb3b3.jpg?quality=close\"><\/div>\n<div><img decoding=\"async\" src=\"https:\/\/s.alicdn.com\/@sc04\/kf\/Hdb16aefbd11a4b34bc13d3987b63c1e2g\/230438700\/Hdb16aefbd11a4b34bc13d3987b63c1e2g.jpg?quality=close\"><\/div>\n<div><img decoding=\"async\" src=\"https:\/\/s.alicdn.com\/@sc04\/kf\/Hf3c8ffce1915417484ce7ee66aa7a558I\/230438700\/Hf3c8ffce1915417484ce7ee66aa7a558I.jpg?quality=close\"><\/div>\n<div><img decoding=\"async\" src=\"https:\/\/s.alicdn.com\/@sc04\/kf\/He493a0a2756c442182810f114c4c7435F\/230438700\/He493a0a2756c442182810f114c4c7435F.jpg?quality=close\"><\/div>\n<div><img decoding=\"async\" src=\"https:\/\/s.alicdn.com\/@sc04\/kf\/H93931d65b7ec4af2abf029cde5ca1ae4f\/230438700\/H93931d65b7ec4af2abf029cde5ca1ae4f.jpg?quality=close\"><\/div>\n<div><img decoding=\"async\" src=\"https:\/\/s.alicdn.com\/@sc04\/kf\/H3aa22a86478d45a9981ca94e68bcc39b9\/230438700\/H3aa22a86478d45a9981ca94e68bcc39b9.jpg?quality=close\"><\/div>\n<div><img decoding=\"async\" src=\"https:\/\/s.alicdn.com\/@sc04\/kf\/H50ca84ef139c4e67acd43827a67e1c54H\/230438700\/H50ca84ef139c4e67acd43827a67e1c54H.jpg?quality=close\"><\/div>\n<div>\n<p><img decoding=\"async\" src=\"https:\/\/s.alicdn.com\/@sc04\/kf\/H4fad1c7dcf6a4c8fac312b147bfec3732\/230438700\/H4fad1c7dcf6a4c8fac312b147bfec3732.jpg?quality=close\"><\/p>\n<p class=\"magic-17\" data-spm-anchor-id=\"a2700.details.0.i33.2c1226fbtqvaox\"><span style=\"font-family: Arial, Helvetica; font-size: large;\">Als professioneller und f\u00fchrender Anbieter medizinischer Ger\u00e4te bietet ABJ der Mehrheit der Kunden viele hochwertige Rollstuhlprodukte, die ihre Anforderungen erf\u00fcllen.<br \/>\n<\/span><\/p>\n<p class=\"magic-17\"><span style=\"font-family: Arial, Helvetica; font-size: large;\">Alle Produkte werden vor dem Versand von uns sehr sorgf\u00e4ltig gepr\u00fcft.<br \/>\nWir bieten Kunden schnelle Lieferung, angemessenen Preis, hohe Qualit\u00e4t und langfristige Dienstleistungen.<\/span><\/p>\n<p><img decoding=\"async\" src=\"https:\/\/s.alicdn.com\/@sc01\/kf\/H3d43ab43a0f24fc7886a50fee5674fd4U\/230438700\/H3d43ab43a0f24fc7886a50fee5674fd4U.jpg?quality=close\"><\/p>\n<p><img decoding=\"async\" src=\"https:\/\/s.alicdn.com\/@sc01\/kf\/HTB1xs6Ud.D.BuNjt_h7q6yNDVXat\/230438700\/HTB1xs6Ud.D.BuNjt_h7q6yNDVXat.jpg?quality=close\"><\/p>\n<p><img decoding=\"async\" src=\"https:\/\/s.alicdn.com\/@sc01\/kf\/HTB1aUsdKqmWBuNjy1Xaq6xCbXXag\/230438700\/HTB1aUsdKqmWBuNjy1Xaq6xCbXXag.jpg?quality=close\"><\/p>\n<p><img decoding=\"async\" src=\"https:\/\/s.alicdn.com\/@sc04\/kf\/H94a6fa43acb244a691368ee89d0bb0dft\/230438700\/H94a6fa43acb244a691368ee89d0bb0dft.png?quality=close\"><\/p>\n<\/div>\n<\/div>\n<\/div>\n<\/div>\n<\/div>\n<\/div>\n","protected":false},"excerpt":{"rendered":"<p>&nbsp;<\/p>\n<div style=\"width: auto;\">\n<div style=\"min-width: 300px; max-width: 300px; word-wrap: break-word; float: left;\">Eigenschaften: Zubeh\u00f6r f\u00fcr die Rehabilitationstherapie<\/div>\n<div style=\"min-width: 300px; max-width: 300px; word-wrap: break-word; float: left;\">Herkunftsort: China<\/div>\n<\/div>\n<div style=\"width: auto;\">\n<div style=\"min-width: 300px; max-width: 300px; word-wrap: break-word; float: left;\">Material: Edelstahl 304<\/div>\n<div style=\"min-width: 300px; max-width: 300px; word-wrap: break-word; float: left;\">Produktname: Doppelter hydraulischer Transferrollstuhl<\/div>\n<\/div>\n<div style=\"width: auto;\">\n<div style=\"min-width: 300px; max-width: 300px; word-wrap: break-word; float: left;\">Hebemethode: Pedalheben<\/div>\n<div style=\"min-width: 300px; max-width: 300px; word-wrap: break-word; float: left;\">R\u00e4der: Medizinische leise R\u00e4der<\/div>\n<\/div>\n<div style=\"width: auto;\">\n<div style=\"min-width: 300px; max-width: 300px; word-wrap: break-word; float: left;\">Eigenschaften: wasserdicht, kein Rost, 180\u00b0 \u00f6ffnen und verschmelzen<\/div>\n<div style=\"min-width: 300px; max-width: 300px; word-wrap: break-word; float: left;\">NW: 32,5 kg<\/div>\n<\/div>\n<div style=\"width: auto;\">\n<div style=\"min-width: 300px; max-width: 300px; word-wrap: break-word; float: left;\">GW: 35,5 KG<\/div>\n<div style=\"min-width: 300px; max-width: 300px; word-wrap: break-word; float: left;\">Lagergewicht: 150 kg<\/div>\n<\/div>\n<div style=\"width: auto;\">\n<div style=\"min-width: 300px; max-width: 300px; word-wrap: break-word; float: left;\">H\u00f6chste Sitzh\u00f6he: 109 cm<\/div>\n<div style=\"min-width: 300px; max-width: 300px; word-wrap: break-word; float: left;\">niedrigste Sitzh\u00f6he: 89 cm<\/div>\n<\/div>\n<div>Kundenspezifische Verpackung (Mindestbestellmenge: 100 St\u00fcck)<\/div>\n<div>Kundenspezifisches Logo (Mindestbestellmenge: 100 St\u00fcck)<\/div>\n","protected":false},"featured_media":10342,"comment_status":"closed","ping_status":"closed","template":"","meta":[],"product_cat":[116],"product_tag":[],"class_list":["post-10315","product","type-product","status-publish","has-post-thumbnail","hentry","product_cat-multifunktionale-umzugsmaschine"],"_links":{"self":[{"href":"https:\/\/anbanjia.com.cn\/de\/wp-json\/wp\/v2\/product\/10315","targetHints":{"allow":["GET"]}}],"collection":[{"href":"https:\/\/anbanjia.com.cn\/de\/wp-json\/wp\/v2\/product"}],"about":[{"href":"https:\/\/anbanjia.com.cn\/de\/wp-json\/wp\/v2\/types\/product"}],"replies":[{"embeddable":true,"href":"https:\/\/anbanjia.com.cn\/de\/wp-json\/wp\/v2\/comments?post=10315"}],"wp:featuredmedia":[{"embeddable":true,"href":"https:\/\/anbanjia.com.cn\/de\/wp-json\/wp\/v2\/media\/10342"}],"wp:attachment":[{"href":"https:\/\/anbanjia.com.cn\/de\/wp-json\/wp\/v2\/media?parent=10315"}],"wp:term":[{"taxonomy":"product_cat","embeddable":true,"href":"https:\/\/anbanjia.com.cn\/de\/wp-json\/wp\/v2\/product_cat?post=10315"},{"taxonomy":"product_tag","embeddable":true,"href":"https:\/\/anbanjia.com.cn\/de\/wp-json\/wp\/v2\/product_tag?post=10315"}],"curies":[{"name":"wp","href":"https:\/\/api.w.org\/{rel}","templated":true}]}}