{"id":10135,"date":"2022-05-02T18:07:57","date_gmt":"2022-05-02T18:07:57","guid":{"rendered":"https:\/\/www.anbanjia.com.cn\/product\/patientenlift-stuhl-handlift-transferstuhl-traeger-fahrunfaehigkeit-rollstuhl-fuer-behinderte\/"},"modified":"2022-05-02T18:07:57","modified_gmt":"2022-05-02T18:07:57","slug":"patientenlifter-stuhl-handlifter-transferstuhl-trager-beweglicher-behinderten-rollstuhl-fur-behinderte","status":"publish","type":"product","link":"https:\/\/anbanjia.com.cn\/de\/produkt\/patientenlifter-stuhl-handlifter-transferstuhl-trager-beweglicher-behinderten-rollstuhl-fur-behinderte\/","title":{"rendered":"Patientenlift Stuhl Handlift Transferstuhl Tr\u00e4ger Fahrunf\u00e4higkeit Rollstuhl f\u00fcr Behinderte"},"content":{"rendered":"<div style=\"max-width: 750px; margin: 0 auto;\">\n<div id=\"ali-anchor-AliPostDhMb-jaad0\" class=\"mceSectionContainer\" style=\"padding-top: 8px;\" data-section=\"AliPostDhMb-jaad0\" data-section-title=\"Product Details\">\n<div id=\"ali-title-AliPostDhMb-jaad0\" style=\"padding: 8px 0; border-bottom: 1px solid #ddd;\"><span style=\"background-color: #ddd; color: #333; font-weight: bold; padding: 8px 10px; line-height: 12px;\">Produktdetails<\/span><\/div>\n<div style=\"padding: 10px 0;\">\n<table style=\"border-collapse: collapse; border-style: solid; background-color: #ffffff; width: 487px; height: 252px;\" border=\"1\">\n<tbody>\n<tr>\n<td style=\"width: 225px; text-align: center;\"><strong>Au\u00dfendurchmesser der Basis<\/strong><\/td>\n<td style=\"width: 255px; text-align: center;\"><strong>62-85CM<\/strong><\/td>\n<\/tr>\n<tr>\n<td style=\"width: 225px; text-align: center;\"><strong>Hubbereich des Hauptrahmens<\/strong><\/td>\n<td style=\"width: 255px; text-align: center;\"><strong>78-118CM<\/strong><\/td>\n<\/tr>\n<tr>\n<td style=\"width: 225px; text-align: center;\"><strong>Teleskopbereich vorne und hinten<\/strong><\/td>\n<td style=\"width: 255px; text-align: center;\"><strong>62-80CM<\/strong><\/td>\n<\/tr>\n<tr>\n<td style=\"width: 225px; text-align: center;\"><strong>Kissenhebebereich<\/strong><\/td>\n<td style=\"width: 255px; text-align: center;\"><strong>15-85CM<\/strong><\/td>\n<\/tr>\n<tr>\n<td style=\"width: 225px; text-align: center;\"><strong>Empfohlene Taillenweite<\/strong><\/td>\n<td style=\"width: 255px; text-align: center;\"><strong>\u226445CM<\/strong><\/td>\n<\/tr>\n<tr>\n<td style=\"width: 225px; text-align: center;\"><strong>Nettogewicht<\/strong><\/td>\n<td style=\"width: 255px; text-align: center;\"><strong>26kg<\/strong><\/td>\n<\/tr>\n<tr>\n<td style=\"width: 225px; text-align: center;\"><strong>Ladekapazit\u00e4t<\/strong><\/td>\n<td style=\"width: 255px; text-align: center;\"><strong>150kg<\/strong><\/td>\n<\/tr>\n<tr>\n<td style=\"width: 225px; text-align: center;\"><strong>Packungsgr\u00f6\u00dfe<\/strong><\/td>\n<td style=\"width: 255px; text-align: center;\"><strong>70*64*15cm <\/strong><\/td>\n<\/tr>\n<\/tbody>\n<\/table>\n<\/div>\n<\/div>\n<div id=\"ali-anchor-AliPostDhMb-mt50f\" class=\"mceSectionContainer\" style=\"padding-top: 8px;\" data-section=\"AliPostDhMb-mt50f\" data-section-title=\"Product Description\">\n<div id=\"ali-title-AliPostDhMb-mt50f\" style=\"padding: 8px 0; border-bottom: 1px solid #ddd;\"><span style=\"background-color: #ddd; color: #333; font-weight: bold; padding: 8px 10px; line-height: 12px;\">Produktbeschreibung<\/span><\/div>\n<div style=\"padding: 10px 0;\">\n<p> <img decoding=\"async\" style=\"max-width: 750;\" src=\"https:\/\/anbanjia.com.cn\/wp-content\/uploads\/2022\/05\/H9ac2563846014d7fbf8b0d008dd24d96w.jpg\" data-alt=\"Patient lift chair hand lift transfer chair carrier moving disable wheelchair for handicapped\" data-src=\"\"><img decoding=\"async\" src=\"https:\/\/anbanjia.com.cn\/wp-content\/uploads\/2022\/05\/H95de98142f734df3b1966867b35f83aa3.jpg\" data-alt=\"Patient lift chair hand lift transfer chair carrier moving disable wheelchair for handicapped\" data-src=\"\"><img decoding=\"async\" src=\"https:\/\/anbanjia.com.cn\/wp-content\/uploads\/2022\/05\/H409f9b75de32457fa4356d007ba4178fL.jpg\" data-alt=\"Patient lift chair hand lift transfer chair carrier moving disable wheelchair for handicapped\" data-src=\"\"><img decoding=\"async\" src=\"https:\/\/anbanjia.com.cn\/wp-content\/uploads\/2022\/05\/Hadfd482faa914d809f5ea6709ac0dbd0i.png\" data-alt=\"Patient lift chair hand lift transfer chair carrier moving disable wheelchair for handicapped\" data-src=\"\"><img decoding=\"async\" src=\"https:\/\/anbanjia.com.cn\/wp-content\/uploads\/2022\/05\/H29d9c04dc9f248aebf83a3ffa2f7f2ecj.png\" data-alt=\"Patient lift chair hand lift transfer chair carrier moving disable wheelchair for handicapped\" data-src=\"\"><img decoding=\"async\" src=\"https:\/\/anbanjia.com.cn\/wp-content\/uploads\/2022\/05\/Hc751eb8d12b74aaa9657d99d44753c9bu.png\" data-alt=\"Patient lift chair hand lift transfer chair carrier moving disable wheelchair for handicapped\" data-src=\"\"><img decoding=\"async\" src=\"https:\/\/anbanjia.com.cn\/wp-content\/uploads\/2022\/05\/H66242e5d5da2408d839e593855080842M.png\" data-alt=\"Patient lift chair hand lift transfer chair carrier moving disable wheelchair for handicapped\" data-src=\"\"><img decoding=\"async\" src=\"https:\/\/anbanjia.com.cn\/wp-content\/uploads\/2022\/05\/H05e5ad1fc5fa4fbfb3c3b695c62d77f9a.png\" data-alt=\"Patient lift chair hand lift transfer chair carrier moving disable wheelchair for handicapped\" data-src=\"\"><img decoding=\"async\" src=\"https:\/\/anbanjia.com.cn\/wp-content\/uploads\/2022\/05\/H71f5e7b3ac0d4a12970536da79f553dae.png\" data-alt=\"Patient lift chair hand lift transfer chair carrier moving disable wheelchair for handicapped\" data-src=\"\"><img decoding=\"async\" src=\"https:\/\/anbanjia.com.cn\/wp-content\/uploads\/2022\/05\/Ha75e7d7f36b3446394aad977c7e9ff8aw.png\" data-alt=\"Patient lift chair hand lift transfer chair carrier moving disable wheelchair for handicapped\" data-src=\"\"><img decoding=\"async\" src=\"https:\/\/anbanjia.com.cn\/wp-content\/uploads\/2022\/05\/He7f7d4582a83411699235822a784621cM.png\" data-alt=\"Patient lift chair hand lift transfer chair carrier moving disable wheelchair for handicapped\" data-src=\"\"><img decoding=\"async\" src=\"https:\/\/anbanjia.com.cn\/wp-content\/uploads\/2022\/05\/H354bddbbb008452f84ca81bbb79b902ay.png\" data-alt=\"Patient lift chair hand lift transfer chair carrier moving disable wheelchair for handicapped\" data-src=\"\"><img decoding=\"async\" src=\"https:\/\/anbanjia.com.cn\/wp-content\/uploads\/2022\/05\/Hf6e871781f0c4b13aa7511ea45c43fcf0.png\" data-alt=\"Patient lift chair hand lift transfer chair carrier moving disable wheelchair for handicapped\" data-src=\"\"><img decoding=\"async\" src=\"https:\/\/anbanjia.com.cn\/wp-content\/uploads\/2022\/05\/Hd40bd5881b3047ff87662592f76f12f3G.png\" data-alt=\"Patient lift chair hand lift transfer chair carrier moving disable wheelchair for handicapped\" data-src=\"\"><img decoding=\"async\" src=\"https:\/\/anbanjia.com.cn\/wp-content\/uploads\/2022\/05\/He8a404541ac1434f885297cf6cf130742.png\" data-alt=\"Patient lift chair hand lift transfer chair carrier moving disable wheelchair for handicapped\" data-src=\"\"><img decoding=\"async\" src=\"https:\/\/anbanjia.com.cn\/wp-content\/uploads\/2022\/05\/H392075e8e266424d8e68103d380ff8a7l.png\" data-alt=\"Patient lift chair hand lift transfer chair carrier moving disable wheelchair for handicapped\" data-src=\"\"><img decoding=\"async\" src=\"https:\/\/anbanjia.com.cn\/wp-content\/uploads\/2022\/05\/Hf69a698505b245c29518f00524df7cb2S.png\" data-alt=\"Patient lift chair hand lift transfer chair carrier moving disable wheelchair for handicapped\" data-src=\"\"><\/p>\n<\/div>\n<\/div>\n<div id=\"ali-anchor-AliPostDhMb-kql3d\" class=\"mceSectionContainer\" style=\"padding-top: 8px;\" data-section=\"AliPostDhMb-kql3d\" data-section-title=\"Product Categories\">\n<div id=\"ali-title-AliPostDhMb-kql3d\" style=\"padding: 8px 0; border-bottom: 1px solid #ddd;\"><span style=\"background-color: #ddd; color: #333; font-weight: bold; padding: 8px 10px; line-height: 12px;\">Produktkategorien<\/span><\/div>\n<div style=\"padding: 10px 0;\">\n<p><a href=\"https:\/\/abj-medical.en.alibaba.com\/productlist.html?spm=a2700.8304367.topnav.2.\" target=\"_blank\" rel=\"noopener\"><img decoding=\"async\" src=\"https:\/\/anbanjia.com.cn\/wp-content\/uploads\/2022\/05\/HTB1TH4ZSFXXXXazXFXXq6xXFXXXm.jpg\" data-alt=\"Patient lift chair hand lift transfer chair carrier moving disable wheelchair for handicapped\" data-src=\"\"><\/a><\/p>\n<\/div>\n<\/div>\n<div id=\"ali-anchor-AliPostDhMb-l9422\" class=\"mceSectionContainer\" style=\"padding-top: 8px;\" data-section=\"AliPostDhMb-l9422\" data-section-title=\"company information\">\n<div id=\"ali-title-AliPostDhMb-l9422\" style=\"padding: 8px 0; border-bottom: 1px solid #ddd;\"><span style=\"background-color: #ddd; color: #333; font-weight: bold; padding: 8px 10px; line-height: 12px;\">Firmeninformation<\/span><\/div>\n<div style=\"padding: 10px 0;\">\n<p><img decoding=\"async\" src=\"https:\/\/anbanjia.com.cn\/wp-content\/uploads\/2022\/05\/Ha43def8a2df44eac925e2c3ab5a1b97b2.jpg\" data-alt=\"Patient lift chair hand lift transfer chair carrier moving disable wheelchair for handicapped\" data-src=\"\"><\/p>\n<\/div>\n<\/div>\n<div id=\"ali-anchor-AliPostDhMb-wn279\" class=\"mceSectionContainer\" style=\"padding-top: 8px;\" data-section=\"AliPostDhMb-wn279\" data-section-title=\"certificate\">\n<div id=\"ali-title-AliPostDhMb-wn279\" style=\"padding: 8px 0; border-bottom: 1px solid #ddd;\"><span style=\"background-color: #ddd; color: #333; font-weight: bold; padding: 8px 10px; line-height: 12px;\">Zertifikat<\/span><\/div>\n<div style=\"padding: 10px 0;\">\n<p><img decoding=\"async\" src=\"https:\/\/anbanjia.com.cn\/wp-content\/uploads\/2022\/05\/HTB1Z1olSpXXXXctXXXXq6xXFXXXu-1.jpg\" data-alt=\"Patient lift chair hand lift transfer chair carrier moving disable wheelchair for handicapped\" data-src=\"\"><\/p>\n<\/div>\n<\/div>\n<div id=\"ali-anchor-AliPostDhMb-t1zml\" class=\"mceSectionContainer\" style=\"padding-top: 8px;\" data-section=\"AliPostDhMb-t1zml\" data-section-title=\"produce &amp; payment\">\n<div id=\"ali-title-AliPostDhMb-t1zml\" style=\"padding: 8px 0; border-bottom: 1px solid #ddd;\"><span style=\"background-color: #ddd; color: #333; font-weight: bold; padding: 8px 10px; line-height: 12px;\">produzieren &amp; bezahlen<\/span><\/div>\n<div style=\"padding: 10px 0;\">\n<p><img decoding=\"async\" src=\"https:\/\/anbanjia.com.cn\/wp-content\/uploads\/2022\/05\/HTB1LlvUSpXXXXbJXVXXq6xXFXXXf-1.jpg\" data-alt=\"Patient lift chair hand lift transfer chair carrier moving disable wheelchair for handicapped\" data-src=\"\"><img decoding=\"async\" src=\"https:\/\/anbanjia.com.cn\/wp-content\/uploads\/2022\/05\/HTB1O0UfSpXXXXaRXpXXq6xXFXXXA.jpg\" data-alt=\"Patient lift chair hand lift transfer chair carrier moving disable wheelchair for handicapped\" data-src=\"\"><\/p>\n<\/div>\n<\/div>\n<div id=\"ali-anchor-AliPostDhMb-o39ov\" class=\"mceSectionContainer\" style=\"padding-top: 8px;\" data-section=\"AliPostDhMb-o39ov\" data-section-title=\"contact us\">\n<div id=\"ali-title-AliPostDhMb-o39ov\" style=\"padding: 8px 0; border-bottom: 1px solid #ddd;\"><span style=\"background-color: #ddd; color: #333; font-weight: bold; padding: 8px 10px; line-height: 12px;\">kontaktiere uns<\/span><\/div>\n<div style=\"padding: 10px 0;\">\n<p><img decoding=\"async\" src=\"https:\/\/anbanjia.com.cn\/wp-content\/uploads\/2022\/05\/HTB1vm0WR3HqK1RjSZFEq6AGMXXa6.jpg\" data-alt=\"Patient lift chair hand lift transfer chair carrier moving disable wheelchair for handicapped\" data-src=\"\"><\/p>\n<\/div>\n<\/div>\n<\/div>\n","protected":false},"excerpt":{"rendered":"<p>&nbsp;<\/p>\n<div style=\"width: auto;\">\n<div style=\"min-width: 300px; max-width: 300px; word-wrap: break-word; float: left;\">Eigenschaften: Zubeh\u00f6r f\u00fcr die Rehabilitationstherapie<\/div>\n<div style=\"min-width: 300px; max-width: 300px; word-wrap: break-word; float: left;\">Herkunftsort: Guangdong, China<\/div>\n<\/div>\n<div style=\"width: auto;\">\n<div style=\"min-width: 300px; max-width: 300px; word-wrap: break-word; float: left;\">Markenname:anbanjia\/OEM<\/div>\n<div style=\"min-width: 300px; max-width: 300px; word-wrap: break-word; float: left;\">Modellnummer: ABJ-723<\/div>\n<\/div>\n<div style=\"width: auto;\">\n<div style=\"min-width: 300px; max-width: 300px; word-wrap: break-word; float: left;\">Typ: Rollstuhl<\/div>\n<div style=\"min-width: 300px; max-width: 300px; word-wrap: break-word; float: left;\">Au\u00dfendurchmesser der Basis: 62\u201385 cm<\/div>\n<\/div>\n<div style=\"width: auto;\">\n<div style=\"min-width: 300px; max-width: 300px; word-wrap: break-word; float: left;\">Hubbereich des Hauptrahmens: 78\u2013118 cm<\/div>\n<div style=\"min-width: 300px; max-width: 300px; word-wrap: break-word; float: left;\">Teleskopbereich vorne und hinten: 62\u201380 cm<\/div>\n<\/div>\n<div style=\"width: auto;\">\n<div style=\"min-width: 300px; max-width: 300px; word-wrap: break-word; float: left;\">Kissenhebebereich: 15\u201385 cm<\/div>\n<div style=\"min-width: 300px; max-width: 300px; word-wrap: break-word; float: left;\">Empfohlene Taillenweite: \u2264 45 cm<\/div>\n<\/div>\n<div style=\"width: auto;\">\n<div style=\"min-width: 300px; max-width: 300px; word-wrap: break-word; float: left;\">Nettogewicht: 26 kg<\/div>\n<div style=\"min-width: 300px; max-width: 300px; word-wrap: break-word; float: left;\">Belastbarkeit: 150kg<\/div>\n<\/div>\n","protected":false},"featured_media":10412,"comment_status":"closed","ping_status":"closed","template":"","meta":[],"product_cat":[116],"product_tag":[],"class_list":["post-10135","product","type-product","status-publish","has-post-thumbnail","hentry","product_cat-multifunktionale-umzugsmaschine"],"_links":{"self":[{"href":"https:\/\/anbanjia.com.cn\/de\/wp-json\/wp\/v2\/product\/10135","targetHints":{"allow":["GET"]}}],"collection":[{"href":"https:\/\/anbanjia.com.cn\/de\/wp-json\/wp\/v2\/product"}],"about":[{"href":"https:\/\/anbanjia.com.cn\/de\/wp-json\/wp\/v2\/types\/product"}],"replies":[{"embeddable":true,"href":"https:\/\/anbanjia.com.cn\/de\/wp-json\/wp\/v2\/comments?post=10135"}],"wp:featuredmedia":[{"embeddable":true,"href":"https:\/\/anbanjia.com.cn\/de\/wp-json\/wp\/v2\/media\/10412"}],"wp:attachment":[{"href":"https:\/\/anbanjia.com.cn\/de\/wp-json\/wp\/v2\/media?parent=10135"}],"wp:term":[{"taxonomy":"product_cat","embeddable":true,"href":"https:\/\/anbanjia.com.cn\/de\/wp-json\/wp\/v2\/product_cat?post=10135"},{"taxonomy":"product_tag","embeddable":true,"href":"https:\/\/anbanjia.com.cn\/de\/wp-json\/wp\/v2\/product_tag?post=10135"}],"curies":[{"name":"wp","href":"https:\/\/api.w.org\/{rel}","templated":true}]}}