{"id":10130,"date":"2022-05-02T18:08:04","date_gmt":"2022-05-02T18:08:04","guid":{"rendered":"https:\/\/www.anbanjia.com.cn\/product\/gepaeck-fuer-behinderte-mit-drei-raedern-elektromobilitaet-aelterer-erwachsener-scooter\/"},"modified":"2022-05-02T18:08:04","modified_gmt":"2022-05-02T18:08:04","slug":"behinderte-person-drei-rader-gepack-elektromobilitat-altere-erwachsene-scooter","status":"publish","type":"product","link":"https:\/\/anbanjia.com.cn\/de\/produkt\/behinderte-person-drei-rader-gepack-elektromobilitat-altere-erwachsene-scooter\/","title":{"rendered":"Gep\u00e4ck f\u00fcr Behinderte mit drei R\u00e4dern Elektromobilit\u00e4t \u00c4lterer Erwachsener Scooter"},"content":{"rendered":"<div style=\"max-width: 750px; margin: 0 auto;\">\n<div id=\"ali-anchor-AliPostDhMb-ljvh5\" style=\"padding-top: 8px;\" data-section=\"AliPostDhMb-ljvh5\" data-section-title=\"Product Details\">\n<div id=\"ali-title-AliPostDhMb-ljvh5\" style=\"padding: 8px 0; border-bottom: 1px solid #ddd;\"><span style=\"background-color: #ddd; color: #333; font-weight: bold; padding: 8px 10px; line-height: 12px;\">Produktdetails<\/span><\/div>\n<div style=\"padding: 10px 0;\">\n<p style=\"text-align: center;\"><span style=\"font-size: 24px;\"><span style=\"font-size: 24px;\"><strong>Gep\u00e4ck<\/strong><\/span> <strong>leichter Elektroroller<\/strong><\/span><\/p>\n<table style=\"border-collapse: collapse; background-color: #ffffff; width: 58.5366%;\" border=\"1\">\n<tbody>\n<tr>\n<td style=\"width: 37%; text-align: left;\"><span style=\"font-size: 18px;\">Gesamte Gr\u00f6\u00dfe<\/span><\/td>\n<td style=\"width: 34.3813%;\"><span style=\"font-size: 18px;\">123*57*95<\/span><\/td>\n<\/tr>\n<tr>\n<td style=\"width: 37%;\"><span style=\"font-size: 18px;\">Gefaltete Breite<\/span><\/td>\n<td style=\"width: 34.3813%;\"><span style=\"font-size: 18px;\">44*36*74<\/span><\/td>\n<\/tr>\n<tr>\n<td style=\"width: 37%;\"><span style=\"font-size: 18px;\">Hinterrad<\/span><\/td>\n<td style=\"width: 34.3813%;\"><span style=\"font-size: 18px;\"> 9&#8243; PU<\/span><\/td>\n<\/tr>\n<tr>\n<td style=\"width: 37%;\"><span style=\"font-size: 18px;\">NW<\/span><\/td>\n<td style=\"width: 34.3813%;\"><span style=\"font-size: 18px;\">29kg<\/span><\/td>\n<\/tr>\n<tr>\n<td style=\"width: 37%;\"><span style=\"font-size: 18px;\">Geschwindigkeit<\/span><\/td>\n<td style=\"width: 34.3813%;\"><span style=\"font-size: 18px;\">einstellbar 0~8 km\/h<\/span><\/td>\n<\/tr>\n<tr>\n<td style=\"width: 37%;\"><span style=\"font-size: 18px;\">Batterie<\/span><\/td>\n<td style=\"width: 34.3813%;\"><span style=\"font-size: 18px;\">36v<\/span><\/td>\n<\/tr>\n<tr>\n<td style=\"width: 37%;\"><span style=\"font-size: 18px;\">Drivingrange<\/span><\/td>\n<td style=\"width: 34.3813%;\"><span style=\"font-size: 18px;\">20km<\/span><\/td>\n<\/tr>\n<tr>\n<td style=\"width: 37%;\"><span style=\"font-size: 18px;\">B\u00fcrstenlosen Motor<\/span><\/td>\n<td style=\"width: 34.3813%;\"><span style=\"font-size: 18px;\">300w<\/span><\/td>\n<\/tr>\n<\/tbody>\n<\/table>\n<p><img decoding=\"async\" style=\"max-width: 750;\" src=\"https:\/\/anbanjia.com.cn\/wp-content\/uploads\/2022\/05\/H320d36aee56240d6ae780d4c937332667.png\" data-height=\"702\" data-src=\"\" data-width=\"1000\"><\/p>\n<p><img decoding=\"async\" src=\"https:\/\/anbanjia.com.cn\/wp-content\/uploads\/2022\/05\/Ha75d156a61634f72ad161d86287b9f474.jpg\" data-alt=\"Disabled Person Three Wheels luggage Electric Mobility Elderly adult Scooter\" data-src=\"\"><img decoding=\"async\" src=\"https:\/\/anbanjia.com.cn\/wp-content\/uploads\/2022\/05\/Hcee4bb3f38184f4b9c41a454669b61bcT.jpg\" data-alt=\"Disabled Person Three Wheels luggage Electric Mobility Elderly adult Scooter\" data-src=\"\"><img decoding=\"async\" src=\"https:\/\/anbanjia.com.cn\/wp-content\/uploads\/2022\/05\/Hf432040824b54944bc49728c0818f8987.jpg\" data-alt=\"Disabled Person Three Wheels luggage Electric Mobility Elderly adult Scooter\" data-src=\"\"><img decoding=\"async\" src=\"https:\/\/anbanjia.com.cn\/wp-content\/uploads\/2022\/05\/He58d3983a8e440ddb412dcfac3b423b4p.jpg\" data-alt=\"Disabled Person Three Wheels luggage Electric Mobility Elderly adult Scooter\" data-src=\"\"><img decoding=\"async\" src=\"https:\/\/anbanjia.com.cn\/wp-content\/uploads\/2022\/05\/Hbf97f46ced474b63a57a7e8cbbea6f0dk.jpg\" data-alt=\"Disabled Person Three Wheels luggage Electric Mobility Elderly adult Scooter\" data-src=\"\"><\/p>\n<\/div>\n<\/div>\n<div id=\"ali-anchor-AliPostDhMb-g8zpw\" style=\"padding-top: 8px;\" data-section=\"AliPostDhMb-g8zpw\" data-section-title=\"contact us\">\n<div id=\"ali-title-AliPostDhMb-g8zpw\" style=\"padding: 8px 0; border-bottom: 1px solid #ddd;\"><span style=\"background-color: #ddd; color: #333; font-weight: bold; padding: 8px 10px; line-height: 12px;\">kontaktiere uns<\/span><\/div>\n<div style=\"padding: 10px 0;\">\n<p><a href=\"https:\/\/abj-medical.en.alibaba.com\/contactinfo.html?spm=a2700.8304367.topnav.8.5d239224wxD2sy\" target=\"_blank\" rel=\"noopener\"> <img decoding=\"async\" src=\"https:\/\/anbanjia.com.cn\/wp-content\/uploads\/2022\/05\/HTB1E_8LXOLxK1Rjy0Ffq6zYdVXay.jpg\" data-alt=\"Disabled Person Three Wheels luggage Electric Mobility Elderly adult Scooter\" data-src=\"\"><\/a><\/p>\n<\/div>\n<\/div>\n<div id=\"ali-anchor-AliPostDhMb-vv6n9\" style=\"padding-top: 8px;\" data-section=\"AliPostDhMb-vv6n9\" data-section-title=\"Product Categories\">\n<div id=\"ali-title-AliPostDhMb-vv6n9\" style=\"padding: 8px 0; border-bottom: 1px solid #ddd;\"><span style=\"background-color: #ddd; color: #333; font-weight: bold; padding: 8px 10px; line-height: 12px;\">Produktkategorien<\/span><\/div>\n<div style=\"padding: 10px 0;\">\n<p> <a href=\"https:\/\/abj-medical.en.alibaba.com\/productgrouplist-804871560\/Electric_wheelchair_and_apparatus.html?spm=a2700.icbuShop.88.30.704a44ebaAhP4D\" target=\"_blank\" rel=\"noopener\"><img decoding=\"async\" src=\"https:\/\/anbanjia.com.cn\/wp-content\/uploads\/2022\/05\/HTB1ERWiSFXXXXasXXXXq6xXFXXXw.jpg\" data-alt=\"Disabled Person Three Wheels luggage Electric Mobility Elderly adult Scooter\" data-src=\"\"><\/a><\/p>\n<\/div>\n<\/div>\n<div id=\"ali-anchor-AliPostDhMb-ub5hb\" style=\"padding-top: 8px;\" data-section=\"AliPostDhMb-ub5hb\" data-section-title=\"certificate\">\n<div id=\"ali-title-AliPostDhMb-ub5hb\" style=\"padding: 8px 0; border-bottom: 1px solid #ddd;\"><span style=\"background-color: #ddd; color: #333; font-weight: bold; padding: 8px 10px; line-height: 12px;\">Zertifikat<\/span><\/div>\n<div style=\"padding: 10px 0;\">\n<p><img decoding=\"async\" src=\"https:\/\/anbanjia.com.cn\/wp-content\/uploads\/2022\/05\/HTB1Z1olSpXXXXctXXXXq6xXFXXXu-1.jpg\" data-alt=\"Disabled Person Three Wheels luggage Electric Mobility Elderly adult Scooter\" data-src=\"\"><\/p>\n<\/div>\n<\/div>\n<div id=\"ali-anchor-AliPostDhMb-yhho8\" style=\"padding-top: 8px;\" data-section=\"AliPostDhMb-yhho8\" data-section-title=\"company information\">\n<div id=\"ali-title-AliPostDhMb-yhho8\" style=\"padding: 8px 0; border-bottom: 1px solid #ddd;\"><span style=\"background-color: #ddd; color: #333; font-weight: bold; padding: 8px 10px; line-height: 12px;\">Firmeninformation<\/span><\/div>\n<div style=\"padding: 10px 0;\">\n<p><img decoding=\"async\" src=\"https:\/\/anbanjia.com.cn\/wp-content\/uploads\/2022\/05\/HTB1HgKPcQ5E3KVjSZFCq6zuzXXay.jpg\" data-src=\"\"><\/p>\n<\/div>\n<\/div>\n<\/div>\n","protected":false},"excerpt":{"rendered":"<p>&nbsp;<\/p>\n<div style=\"width: auto;\">\n<div style=\"min-width: 300px; max-width: 300px; word-wrap: break-word; float: left;\">Leistung: 201-500 W<\/div>\n<div style=\"min-width: 300px; max-width: 300px; word-wrap: break-word; float: left;\">Spannung: 36 V<\/div>\n<\/div>\n<div style=\"width: auto;\">\n<div style=\"min-width: 300px; max-width: 300px; word-wrap: break-word; float: left;\">Faltbar: Ja<\/div>\n<div style=\"min-width: 300px; max-width: 300px; word-wrap: break-word; float: left;\">H\u00f6chstgeschwindigkeit:&lt; 30 km\/h<\/div>\n<\/div>\n<div style=\"width: auto;\">\n<div style=\"min-width: 300px; max-width: 300px; word-wrap: break-word; float: left;\">Gesamtgr\u00f6\u00dfe: 123 * 57 * 95<\/div>\n<div style=\"min-width: 300px; max-width: 300px; word-wrap: break-word; float: left;\">Gefaltete Breite: 44 * 36 * 74<\/div>\n<\/div>\n<div style=\"width: auto;\">\n<div style=\"min-width: 300px; max-width: 300px; word-wrap: break-word; float: left;\">Hinterrad: 9&#8243; PU<\/div>\n<div style=\"min-width: 300px; max-width: 300px; word-wrap: break-word; float: left;\">NW: 29 kg<\/div>\n<\/div>\n<div style=\"width: auto;\">\n<div style=\"min-width: 300px; max-width: 300px; word-wrap: break-word; float: left;\">Geschwindigkeit: einstellbar 0~8 km\/h<\/div>\n<div style=\"min-width: 300px; max-width: 300px; word-wrap: break-word; float: left;\">Lithiumbatterie: 36 V<\/div>\n<\/div>\n<div style=\"width: auto;\">\n<div style=\"min-width: 300px; max-width: 300px; word-wrap: break-word; float: left;\">Reichweite: 20 km<\/div>\n<div style=\"min-width: 300px; max-width: 300px; word-wrap: break-word; float: left;\">B\u00fcrstenloser Motor: 300 W<\/div>\n<\/div>\n<div style=\"width: auto;\">\n<div style=\"min-width: 300px; max-width: 300px; word-wrap: break-word; float: left;\">Gewichtskapazit\u00e4t: 130 kg<\/div>\n<div style=\"min-width: 300px; max-width: 300px; word-wrap: break-word; float: left;\">Kartonverpackungsgr\u00f6\u00dfe: 82 * 55 * 50 cm, 34 kg<\/div>\n<\/div>\n<div>Kundenspezifisches Logo (Mindestbestellmenge: 500 St\u00fcck)<\/div>\n<div>Kundenspezifische Verpackung (Mindestbestellmenge: 500 St\u00fcck)<\/div>\n","protected":false},"featured_media":10199,"comment_status":"closed","ping_status":"closed","template":"","meta":[],"product_cat":[119],"product_tag":[],"class_list":["post-10130","product","type-product","status-publish","has-post-thumbnail","hentry","product_cat-alterer-roller"],"_links":{"self":[{"href":"https:\/\/anbanjia.com.cn\/de\/wp-json\/wp\/v2\/product\/10130","targetHints":{"allow":["GET"]}}],"collection":[{"href":"https:\/\/anbanjia.com.cn\/de\/wp-json\/wp\/v2\/product"}],"about":[{"href":"https:\/\/anbanjia.com.cn\/de\/wp-json\/wp\/v2\/types\/product"}],"replies":[{"embeddable":true,"href":"https:\/\/anbanjia.com.cn\/de\/wp-json\/wp\/v2\/comments?post=10130"}],"wp:featuredmedia":[{"embeddable":true,"href":"https:\/\/anbanjia.com.cn\/de\/wp-json\/wp\/v2\/media\/10199"}],"wp:attachment":[{"href":"https:\/\/anbanjia.com.cn\/de\/wp-json\/wp\/v2\/media?parent=10130"}],"wp:term":[{"taxonomy":"product_cat","embeddable":true,"href":"https:\/\/anbanjia.com.cn\/de\/wp-json\/wp\/v2\/product_cat?post=10130"},{"taxonomy":"product_tag","embeddable":true,"href":"https:\/\/anbanjia.com.cn\/de\/wp-json\/wp\/v2\/product_tag?post=10130"}],"curies":[{"name":"wp","href":"https:\/\/api.w.org\/{rel}","templated":true}]}}