{"id":10085,"date":"2022-05-02T18:08:03","date_gmt":"2022-05-02T18:08:03","guid":{"rendered":"https:\/\/www.anbanjia.com.cn\/product\/grosshandelsfaltender-3-rad-roller-reisegebrauch-behinderter-elektromobilitaetsroller-fuer-aeltere-menschen-mit-behinderungen\/"},"modified":"2022-05-02T18:08:03","modified_gmt":"2022-05-02T18:08:03","slug":"groshandel-klapp-3-rad-scooter-reisen-benutzung-behinderte-elektromobilitat-scooter-fur-behinderte-altere-menschen","status":"publish","type":"product","link":"https:\/\/anbanjia.com.cn\/de\/produkt\/groshandel-klapp-3-rad-scooter-reisen-benutzung-behinderte-elektromobilitat-scooter-fur-behinderte-altere-menschen\/","title":{"rendered":"Gro\u00dfhandelsfaltender 3-Rad-Roller-Reisegebrauch behinderter Elektromobilit\u00e4tsroller f\u00fcr \u00e4ltere Menschen mit Behinderungen"},"content":{"rendered":"<div style=\"max-width: 750px;margin: 0 auto;\">\n<p style=\"text-align: center;\"><strong><span style=\"font-size: 32px; font-family: 'comic sans ms', sans-serif;\">Leichter zusammenklappbarer Elektroroller f\u00fcr tragbare Elektrofahrzeuge f\u00fcr \u00e4ltere Menschen zu verkaufen<\/span><\/strong><\/p>\n<p style=\"text-align: left;\">\n<p style=\"text-align: left;\"><img decoding=\"async\" data-alt=\"Wholesale Folding 3 wheel scooter travel use handicapped electric mobility scooter for disabled person elderly\" data-src=\"\" ori-height=\"750\" ori-width=\"750\" src=\"https:\/\/anbanjia.com.cn\/wp-content\/uploads\/2022\/05\/HTB1zH1lRCzqK1RjSZFpq6ykSXXaR.jpg\" style=\"max-width: 750;\"><\/p>\n<table border=\"0\" cellpadding=\"0\" cellspacing=\"0\" style=\"border-collapse: collapse; width: 330pt;\" width=\"439\">\n<tbody>\n<tr style=\"height: 28.5pt;\">\n<td height=\"38\" style=\"height: 28.5pt; width: 112pt;\" width=\"149\">Produktgr\u00f6\u00dfe<\/td>\n<td style=\"border-left: none; width: 218pt;\" width=\"290\">100 * 51 * 97 cm<\/td>\n<\/tr>\n<tr style=\"height: 28.5pt;\">\n<td height=\"38\" style=\"height: 28.5pt; border-top: none;\">Gefaltete Gr\u00f6\u00dfe<\/td>\n<td style=\"border-top: none; border-left: none;\">81 * 51 * 37 cm<\/td>\n<\/tr>\n<tr style=\"height: 28.5pt;\">\n<td height=\"38\" style=\"height: 28.5pt; border-top: none;\">H\u00f6chstgeschwindigkeit<\/td>\n<td style=\"border-top: none; border-left: none;\">15 km\/h<\/td>\n<\/tr>\n<tr style=\"height: 28.5pt;\">\n<td height=\"38\" style=\"height: 28.5pt; border-top: none;\">Motor<\/td>\n<td style=\"border-top: none; border-left: none;\">300W, 350W ist verf\u00fcgbar<\/td>\n<\/tr>\n<tr style=\"height: 28.5pt;\">\n<td height=\"38\" style=\"height: 28.5pt; border-top: none;\">Reisestrecke<\/td>\n<td style=\"border-top: none; border-left: none;\">28-30 km\/50-55 km<\/td>\n<\/tr>\n<tr style=\"height: 28.5pt;\">\n<td height=\"38\" style=\"height: 28.5pt; border-top: none;\">Kapazit\u00e4tsgewicht<\/td>\n<td style=\"border-top: none; border-left: none;\">120kg<\/td>\n<\/tr>\n<tr style=\"height: 28.5pt;\">\n<td height=\"38\" style=\"height: 28.5pt; border-top: none;\">Steigwinkel<\/td>\n<td style=\"border-top: none; border-left: none;\">3 Rad \u2013 8\u00b0, 4 R\u00e4der \u2013 12\u00b0<\/td>\n<\/tr>\n<tr style=\"height: 28.5pt;\">\n<td height=\"38\" style=\"height: 28.5pt; border-top: none;\">Ladezeit<\/td>\n<td style=\"border-top: none; border-left: none;\">3-5 Stunden<\/td>\n<\/tr>\n<tr style=\"height: 28.5pt;\">\n<td height=\"38\" style=\"height: 28.5pt; border-top: none;\">Fahrmodus<\/td>\n<td style=\"border-top: none; border-left: none;\">Heckantrieb<\/td>\n<\/tr>\n<tr style=\"height: 28.5pt;\">\n<td height=\"38\" style=\"height: 28.5pt; border-top: none;\">Radgr\u00f6\u00dfe<\/td>\n<td style=\"border-top: none; border-left: none;\">Solides 10-Zoll-Rad<\/td>\n<\/tr>\n<tr style=\"height: 28.5pt;\">\n<td height=\"38\" style=\"height: 28.5pt; border-top: none;\">Bremssystem<\/td>\n<td style=\"border-top: none; border-left: none;\">Hintere Scheibenbremse<\/td>\n<\/tr>\n<tr style=\"height: 28.5pt;\">\n<td height=\"38\" style=\"height: 28.5pt; border-top: none;\">Drehmoment<\/td>\n<td style=\"border-top: none; border-left: none;\">17N, 34N ist verf\u00fcgbar<\/td>\n<\/tr>\n<tr style=\"height: 28.5pt;\">Lithium <\/p>\n<td height=\"38\" style=\"height: 28.5pt; border-top: none;\">-Ionen-Akku<\/td>\n<td style=\"border-top: none; border-left: none;\">36 V 10 Ah\/48 V 12 Ah<\/td>\n<\/tr>\n<tr style=\"height: 28.5pt;\">\n<td height=\"38\" style=\"height: 28.5pt; border-top: none;\">NW\/GW<\/td>\n<td style=\"border-top: none; border-left: none;\">20kg, 23kg<\/td>\n<\/tr>\n<tr style=\"height: 28.5pt;\">\n<td height=\"38\" style=\"height: 28.5pt; border-top: none;\">Paket<\/td>\n<td style=\"border-top: none; border-left: none;\">54*37*83 cm<\/td>\n<\/tr>\n<\/tbody>\n<\/table>\n<p><img decoding=\"async\" data-alt=\"Wholesale Folding 3 wheel scooter travel use handicapped electric mobility scooter for disabled person elderly\" data-height=\"700\" data-src=\"\" data-width=\"752\" ori-height=\"698\" ori-width=\"750\" src=\"https:\/\/anbanjia.com.cn\/wp-content\/uploads\/2022\/05\/HTB1in1iRpYqK1RjSZLeq6zXppXaP.jpg\"><img decoding=\"async\" data-alt=\"Wholesale Folding 3 wheel scooter travel use handicapped electric mobility scooter for disabled person elderly\" data-src=\"\" ori-height=\"2000\" ori-width=\"750\" src=\"https:\/\/anbanjia.com.cn\/wp-content\/uploads\/2022\/05\/HTB1cQajRAvoK1RjSZFDq6xY3pXai.jpg\"><\/p>\n<div class=\"mceSectionContainer\" data-section=\"AliPostDhMb-3nouk\" data-section-title=\"Contact information\" id=\"ali-anchor-AliPostDhMb-3nouk\" style=\"padding-top: 8px;\">\n<div id=\"ali-title-AliPostDhMb-3nouk\" style=\"padding: 8px 0; border-bottom: 1px solid #ddd;\"><span style=\"background-color: #ddd; color: #333; font-weight: bold; padding: 8px 10px; line-height: 12px;\">Kontaktinformationen<\/span><\/div>\n<div style=\"padding: 10px 0;\">\n<p><img decoding=\"async\" data-alt=\"Wholesale Folding 3 wheel scooter travel use handicapped electric mobility scooter for disabled person elderly\" data-src=\"\" ori-height=\"271\" ori-width=\"760\" src=\"https:\/\/anbanjia.com.cn\/wp-content\/uploads\/2022\/05\/H4a476ca2a62642c5955586ce8e509aa6M.png\"> <\/p>\n<\/div>\n<\/div>\n<div class=\"mceSectionContainer\" data-section=\"AliPostDhMb-pb70n\" data-section-title=\"Company Information\" id=\"ali-anchor-AliPostDhMb-pb70n\" style=\"padding-top: 8px;\">\n<div id=\"ali-title-AliPostDhMb-pb70n\" style=\"padding: 8px 0; border-bottom: 1px solid #ddd;\"><span style=\"background-color: #ddd; color: #333; font-weight: bold; padding: 8px 10px; line-height: 12px;\">Firmeninformation<\/span><\/div>\n<div style=\"padding: 10px 0;\">\n<p><img decoding=\"async\" data-alt=\"Wholesale Folding 3 wheel scooter travel use handicapped electric mobility scooter for disabled person elderly\" data-src=\"\" ori-height=\"1929\" ori-width=\"769\" src=\"https:\/\/anbanjia.com.cn\/wp-content\/uploads\/2022\/05\/Ha43def8a2df44eac925e2c3ab5a1b97b2.jpg\"> <\/p>\n<\/div>\n<\/div>\n<\/div>\n","protected":false},"excerpt":{"rendered":"<div style=\"width:auto\">\n<div style=\"min-width: 300px;max-width: 300px;word-wrap: break-word;float: left\">Herkunftsort: Guangdong <\/div>\n<div style=\"min-width: 300px;max-width: 300px;word-wrap: break-word;float: left\">Markenname: Anbanjia<\/div>\n<\/p><\/div>\n<div style=\"width:auto\">\n<div style=\"min-width: 300px;max-width: 300px;word-wrap: break-word;float: left\">Modellnummer: 1004 <\/div>\n<div style=\"min-width: 300px;max-width: 300px;word-wrap: break-word;float: left\">Leistung: 201-500 W<\/div>\n<\/p><\/div>\n<div style=\"width:auto\">\n<div style=\"min-width: 300px;max-width: 300px;word-wrap: break-word;float: left\">Spannung: 36 V <\/div>\n<div style=\"min-width: 300px;max-width: 300px;word-wrap: break-word;float: left\">Ladezeit:6-8h<\/div>\n<\/p><\/div>\n<div style=\"width:auto\">\n<div style=\"min-width: 300px;max-width: 300px;word-wrap: break-word;float: left\">Faltbar: Ja <\/div>\n<div style=\"min-width: 300px;max-width: 300px;word-wrap: break-word;float: left\">H\u00f6chstgeschwindigkeit: &lt;30 km\/h<\/div>\n<\/p><\/div>\n<div style=\"width:auto\">\n<div style=\"min-width: 300px;max-width: 300px;word-wrap: break-word;float: left\">Batterie: 36V 10AH <\/div>\n<div style=\"min-width: 300px;max-width: 300px;word-wrap: break-word;float: left\">Reichweite: 25-30 km<\/div>\n<\/p><\/div>\n<div style=\"width:auto\">\n<div style=\"min-width: 300px;max-width: 300px;word-wrap: break-word;float: left\">Motor: B\u00fcrstenloser Nabenmotor <\/div>\n<div style=\"min-width: 300px;max-width: 300px;word-wrap: break-word;float: left\">H\u00f6chstgeschwindigkeit: 15 km\/h<\/div>\n<\/p><\/div>\n<div style=\"width:auto\">\n<div style=\"min-width: 300px;max-width: 300px;word-wrap: break-word;float: left\">Maximale Belastung: 120 kg <\/div>\n<div style=\"min-width: 300px;max-width: 300px;word-wrap: break-word;float: left\">Nettogewicht: 19,5 kg<\/div>\n<\/p><\/div>\n<div style=\"width:auto\">\n<div style=\"min-width: 300px;max-width: 300px;word-wrap: break-word;float: left\">Motorleistung: b\u00fcrstenloser 350-W-Nabenmotor <\/div>\n<div style=\"min-width: 300px;max-width: 300px;word-wrap: break-word;float: left\">Bremse: hintere Scheibe<\/div>\n<\/p><\/div>\n<div style=\"width:auto\">\n<div style=\"min-width: 300px;max-width: 300px;word-wrap: break-word;float: left\">Kombi-Set angeboten:0 <\/div>\n<div style=\"min-width: 300px;max-width: 300px;word-wrap: break-word;float: left\">Zertifizierung:ce<\/div>\n<\/p><\/div>\n","protected":false},"featured_media":10120,"comment_status":"closed","ping_status":"closed","template":"","meta":[],"product_cat":[119],"product_tag":[],"class_list":["post-10085","product","type-product","status-publish","has-post-thumbnail","hentry","product_cat-alterer-roller"],"_links":{"self":[{"href":"https:\/\/anbanjia.com.cn\/de\/wp-json\/wp\/v2\/product\/10085","targetHints":{"allow":["GET"]}}],"collection":[{"href":"https:\/\/anbanjia.com.cn\/de\/wp-json\/wp\/v2\/product"}],"about":[{"href":"https:\/\/anbanjia.com.cn\/de\/wp-json\/wp\/v2\/types\/product"}],"replies":[{"embeddable":true,"href":"https:\/\/anbanjia.com.cn\/de\/wp-json\/wp\/v2\/comments?post=10085"}],"wp:featuredmedia":[{"embeddable":true,"href":"https:\/\/anbanjia.com.cn\/de\/wp-json\/wp\/v2\/media\/10120"}],"wp:attachment":[{"href":"https:\/\/anbanjia.com.cn\/de\/wp-json\/wp\/v2\/media?parent=10085"}],"wp:term":[{"taxonomy":"product_cat","embeddable":true,"href":"https:\/\/anbanjia.com.cn\/de\/wp-json\/wp\/v2\/product_cat?post=10085"},{"taxonomy":"product_tag","embeddable":true,"href":"https:\/\/anbanjia.com.cn\/de\/wp-json\/wp\/v2\/product_tag?post=10085"}],"curies":[{"name":"wp","href":"https:\/\/api.w.org\/{rel}","templated":true}]}}